{"id":39,"date":"2022-07-18T12:52:13","date_gmt":"2022-07-18T12:52:13","guid":{"rendered":"https:\/\/urban-diplomacy.de\/?page_id=39"},"modified":"2026-01-11T18:30:08","modified_gmt":"2026-01-11T17:30:08","slug":"infothek","status":"publish","type":"page","link":"https:\/\/urban-diplomacy.de\/en\/infothek\/","title":{"rendered":"Infothek"},"content":{"rendered":"<h1>Infothek<\/h1>\n<p>\t\t\t\t\t\t\t\t\t\t\t\t\t\t\t<img fetchpriority=\"high\" decoding=\"async\" width=\"555\" height=\"544\" src=\"https:\/\/urban-diplomacy.de\/wp-content\/uploads\/2022\/07\/Urban-Bildlogo.png\" alt=\"\" srcset=\"https:\/\/urban-diplomacy.de\/wp-content\/uploads\/2022\/07\/Urban-Bildlogo.png 555w, https:\/\/urban-diplomacy.de\/wp-content\/uploads\/2022\/07\/Urban-Bildlogo-300x294.png 300w\" sizes=\"(max-width: 555px) 100vw, 555px\" \/><br \/>\n\t\t\t\t\t<a href=\"https:\/\/urban-diplomacy.de\/en\/for-security-and-prosperity-in-europe-germany-and-the-united-kingdom-of-great-britain-and-northern-ireland-conclude-a-treaty-of-friendship-and-bilateral-cooperation\/\"><br \/>\n\t\t\t\t\t\t<img width=\"800\" height=\"358\" src=\"https:\/\/urban-diplomacy.de\/wp-content\/uploads\/2025\/11\/250717-deu-gbr-vertrag-unterzeichnung-1024x458.jpg\" alt=\"\" decoding=\"async\" srcset=\"https:\/\/urban-diplomacy.de\/wp-content\/uploads\/2025\/11\/250717-deu-gbr-vertrag-unterzeichnung-1024x458.jpg 1024w, https:\/\/urban-diplomacy.de\/wp-content\/uploads\/2025\/11\/250717-deu-gbr-vertrag-unterzeichnung-300x134.jpg 300w, https:\/\/urban-diplomacy.de\/wp-content\/uploads\/2025\/11\/250717-deu-gbr-vertrag-unterzeichnung-768x343.jpg 768w, https:\/\/urban-diplomacy.de\/wp-content\/uploads\/2025\/11\/250717-deu-gbr-vertrag-unterzeichnung-18x8.jpg 18w, https:\/\/urban-diplomacy.de\/wp-content\/uploads\/2025\/11\/250717-deu-gbr-vertrag-unterzeichnung.jpg 1230w\" sizes=\"(max-width: 800px) 100vw, 800px\" \/>\t\t\t\t\t<\/a><\/p>\n<h3><a href=\"https:\/\/urban-diplomacy.de\/en\/for-security-and-prosperity-in-europe-germany-and-the-united-kingdom-of-great-britain-and-northern-ireland-conclude-a-treaty-of-friendship-and-bilateral-cooperation\/\">Germany and the United Kingdom of Great Britain and Northern Ireland conclude a treaty of friendship and bilateral cooperation<\/a><\/h3>\n<p>                <a href=\"https:\/\/urban-diplomacy.de\/en\/for-security-and-prosperity-in-europe-germany-and-the-united-kingdom-of-great-britain-and-northern-ireland-conclude-a-treaty-of-friendship-and-bilateral-cooperation\/\" target=\"_self\">More &quot;<\/a><br \/>\n\t\t\t\t\t<a href=\"https:\/\/urban-diplomacy.de\/en\/shaping-our-city-together-researching-and-strengthening-youth-participation\/\"><br \/>\n\t\t\t\t\t\t<img width=\"800\" height=\"400\" src=\"https:\/\/urban-diplomacy.de\/wp-content\/uploads\/2025\/10\/Titelbild-Coc-1-1080x540-1-1024x512.png\" alt=\"\" decoding=\"async\" srcset=\"https:\/\/urban-diplomacy.de\/wp-content\/uploads\/2025\/10\/Titelbild-Coc-1-1080x540-1-1024x512.png 1024w, https:\/\/urban-diplomacy.de\/wp-content\/uploads\/2025\/10\/Titelbild-Coc-1-1080x540-1-300x150.png 300w, https:\/\/urban-diplomacy.de\/wp-content\/uploads\/2025\/10\/Titelbild-Coc-1-1080x540-1-768x384.png 768w, https:\/\/urban-diplomacy.de\/wp-content\/uploads\/2025\/10\/Titelbild-Coc-1-1080x540-1-18x9.png 18w, https:\/\/urban-diplomacy.de\/wp-content\/uploads\/2025\/10\/Titelbild-Coc-1-1080x540-1.png 1080w\" sizes=\"(max-width: 800px) 100vw, 800px\" \/>\t\t\t\t\t<\/a><\/p>\n<h3><a href=\"https:\/\/urban-diplomacy.de\/en\/shaping-our-city-together-researching-and-strengthening-youth-participation\/\">Shaping our city together: Researching and strengthening youth participation<\/a><\/h3>\n<p>                <a href=\"https:\/\/urban-diplomacy.de\/en\/shaping-our-city-together-researching-and-strengthening-youth-participation\/\" target=\"_self\">More &quot;<\/a><br \/>\n\t\t\t\t\t<a href=\"https:\/\/urban-diplomacy.de\/en\/mayors-roundtable-bremen-common-challenges-and-transatlantic-solutions-for-cities\/\"><br \/>\n\t\t\t\t\t\t<img loading=\"lazy\" width=\"800\" height=\"534\" src=\"https:\/\/urban-diplomacy.de\/wp-content\/uploads\/2025\/10\/MRT-Konferrenz-Bild-1024x684.jpg\" alt=\"\" decoding=\"async\" srcset=\"https:\/\/urban-diplomacy.de\/wp-content\/uploads\/2025\/10\/MRT-Konferrenz-Bild-1024x684.jpg 1024w, https:\/\/urban-diplomacy.de\/wp-content\/uploads\/2025\/10\/MRT-Konferrenz-Bild-300x200.jpg 300w, https:\/\/urban-diplomacy.de\/wp-content\/uploads\/2025\/10\/MRT-Konferrenz-Bild-768x513.jpg 768w, https:\/\/urban-diplomacy.de\/wp-content\/uploads\/2025\/10\/MRT-Konferrenz-Bild-1536x1025.jpg 1536w, https:\/\/urban-diplomacy.de\/wp-content\/uploads\/2025\/10\/MRT-Konferrenz-Bild-2048x1367.jpg 2048w, https:\/\/urban-diplomacy.de\/wp-content\/uploads\/2025\/10\/MRT-Konferrenz-Bild-18x12.jpg 18w\" sizes=\"(max-width: 800px) 100vw, 800px\" \/>\t\t\t\t\t<\/a><\/p>\n<h3><a href=\"https:\/\/urban-diplomacy.de\/en\/mayors-roundtable-bremen-common-challenges-and-transatlantic-solutions-for-cities\/\">Mayor&#039;s Roundtable Bremen: Common challenges and transatlantic solutions for cities<\/a><\/h3>\n<p>                <a href=\"https:\/\/urban-diplomacy.de\/en\/mayors-roundtable-bremen-common-challenges-and-transatlantic-solutions-for-cities\/\" target=\"_self\">More &quot;<\/a><br \/>\n\t\t\t\t\t<a href=\"https:\/\/urban-diplomacy.de\/en\/ude-ii-german-british-partnership-conference-28-29-november-2024-edinburgh-2\/\"><br \/>\n\t\t\t\t\t\t<img loading=\"lazy\" width=\"612\" height=\"408\" src=\"https:\/\/urban-diplomacy.de\/wp-content\/uploads\/2024\/09\/istockphoto-1481847661-612x612-1.jpg\" alt=\"\" decoding=\"async\" srcset=\"https:\/\/urban-diplomacy.de\/wp-content\/uploads\/2024\/09\/istockphoto-1481847661-612x612-1.jpg 612w, https:\/\/urban-diplomacy.de\/wp-content\/uploads\/2024\/09\/istockphoto-1481847661-612x612-1-300x200.jpg 300w, https:\/\/urban-diplomacy.de\/wp-content\/uploads\/2024\/09\/istockphoto-1481847661-612x612-1-18x12.jpg 18w\" sizes=\"(max-width: 612px) 100vw, 612px\" \/>\t\t\t\t\t<\/a><\/p>\n<h3><a href=\"https:\/\/urban-diplomacy.de\/en\/ude-ii-german-british-partnership-conference-28-29-november-2024-edinburgh-2\/\">UDE II German-British Partnership Conference 28-29 November 2024 | Edinburgh<\/a><\/h3>\n<p>                <a href=\"https:\/\/urban-diplomacy.de\/en\/ude-ii-german-british-partnership-conference-28-29-november-2024-edinburgh-2\/\" target=\"_self\">More &quot;<\/a><br \/>\n\t\t\t\t\t<a href=\"https:\/\/urban-diplomacy.de\/en\/wilsdruff-is-looking-for-a-twin-town-in-great-britain-2\/\"><br \/>\n\t\t\t\t\t\t<img loading=\"lazy\" width=\"754\" height=\"610\" src=\"https:\/\/urban-diplomacy.de\/wp-content\/uploads\/2024\/10\/Wilsdruff.png\" alt=\"\" decoding=\"async\" srcset=\"https:\/\/urban-diplomacy.de\/wp-content\/uploads\/2024\/10\/Wilsdruff.png 754w, https:\/\/urban-diplomacy.de\/wp-content\/uploads\/2024\/10\/Wilsdruff-300x243.png 300w, https:\/\/urban-diplomacy.de\/wp-content\/uploads\/2024\/10\/Wilsdruff-15x12.png 15w\" sizes=\"(max-width: 754px) 100vw, 754px\" \/>\t\t\t\t\t<\/a><\/p>\n<h3><a href=\"https:\/\/urban-diplomacy.de\/en\/wilsdruff-is-looking-for-a-twin-town-in-great-britain-2\/\">Wilsdruff seeks twin town in Great Britain<\/a><\/h3>\n<p>                <a href=\"https:\/\/urban-diplomacy.de\/en\/wilsdruff-is-looking-for-a-twin-town-in-great-britain-2\/\" target=\"_self\">More &quot;<\/a><br \/>\n\t\t\t\t\t<a href=\"https:\/\/urban-diplomacy.de\/en\/ude-2021-2023-project-results\/\"><br \/>\n\t\t\t\t\t\t<img loading=\"lazy\" width=\"800\" height=\"448\" src=\"https:\/\/urban-diplomacy.de\/wp-content\/uploads\/2024\/03\/UDE-21-23-icon-for-web-1024x573.png\" alt=\"\" decoding=\"async\" srcset=\"https:\/\/urban-diplomacy.de\/wp-content\/uploads\/2024\/03\/UDE-21-23-icon-for-web-1024x573.png 1024w, https:\/\/urban-diplomacy.de\/wp-content\/uploads\/2024\/03\/UDE-21-23-icon-for-web-300x168.png 300w, https:\/\/urban-diplomacy.de\/wp-content\/uploads\/2024\/03\/UDE-21-23-icon-for-web-768x429.png 768w, https:\/\/urban-diplomacy.de\/wp-content\/uploads\/2024\/03\/UDE-21-23-icon-for-web-18x10.png 18w, https:\/\/urban-diplomacy.de\/wp-content\/uploads\/2024\/03\/UDE-21-23-icon-for-web.png 1343w\" sizes=\"(max-width: 800px) 100vw, 800px\" \/>\t\t\t\t\t<\/a><\/p>\n<h3><a href=\"https:\/\/urban-diplomacy.de\/en\/ude-2021-2023-project-results\/\">Explanatory videos: City diplomacy and UDE<\/a><\/h3>\n<p>                <a href=\"https:\/\/urban-diplomacy.de\/en\/ude-2021-2023-project-results\/\" target=\"_self\">More &quot;<\/a><br \/>\n\t\t\t\t\t<a href=\"https:\/\/urban-diplomacy.de\/en\/ude-german-british-partnership-conference-leeds\/\"><br \/>\n\t\t\t\t\t\t<img loading=\"lazy\" width=\"800\" height=\"500\" src=\"https:\/\/urban-diplomacy.de\/wp-content\/uploads\/2023\/06\/DJI_0830-HDR-Pano-1024x640.jpg\" alt=\"\" decoding=\"async\" srcset=\"https:\/\/urban-diplomacy.de\/wp-content\/uploads\/2023\/06\/DJI_0830-HDR-Pano-1024x640.jpg 1024w, https:\/\/urban-diplomacy.de\/wp-content\/uploads\/2023\/06\/DJI_0830-HDR-Pano-300x188.jpg 300w, https:\/\/urban-diplomacy.de\/wp-content\/uploads\/2023\/06\/DJI_0830-HDR-Pano-768x480.jpg 768w, https:\/\/urban-diplomacy.de\/wp-content\/uploads\/2023\/06\/DJI_0830-HDR-Pano-1536x960.jpg 1536w, https:\/\/urban-diplomacy.de\/wp-content\/uploads\/2023\/06\/DJI_0830-HDR-Pano-2048x1280.jpg 2048w, https:\/\/urban-diplomacy.de\/wp-content\/uploads\/2023\/06\/DJI_0830-HDR-Pano-18x12.jpg 18w\" sizes=\"(max-width: 800px) 100vw, 800px\" \/>\t\t\t\t\t<\/a><\/p>\n<h3><a href=\"https:\/\/urban-diplomacy.de\/en\/ude-german-british-partnership-conference-leeds\/\">Urban Diplomacy Exchange German-British Partnership Conference | 19-21 June  2023 | Leeds<\/a><\/h3>\n<p>                <a href=\"https:\/\/urban-diplomacy.de\/en\/ude-german-british-partnership-conference-leeds\/\" target=\"_self\">More &quot;<\/a><br \/>\n\t\t\t\t\t<a href=\"https:\/\/urban-diplomacy.de\/en\/german-british-virtual-mayors-roundtable-on-22-february-2023\/\"><br \/>\n\t\t\t\t\t\t<img loading=\"lazy\" width=\"800\" height=\"463\" src=\"https:\/\/urban-diplomacy.de\/wp-content\/uploads\/2022\/12\/transparent_DE-UK-1024x593.png\" alt=\"\" decoding=\"async\" srcset=\"https:\/\/urban-diplomacy.de\/wp-content\/uploads\/2022\/12\/transparent_DE-UK-1024x593.png 1024w, https:\/\/urban-diplomacy.de\/wp-content\/uploads\/2022\/12\/transparent_DE-UK-300x174.png 300w, https:\/\/urban-diplomacy.de\/wp-content\/uploads\/2022\/12\/transparent_DE-UK-768x445.png 768w, https:\/\/urban-diplomacy.de\/wp-content\/uploads\/2022\/12\/transparent_DE-UK-18x10.png 18w, https:\/\/urban-diplomacy.de\/wp-content\/uploads\/2022\/12\/transparent_DE-UK.png 1445w\" sizes=\"(max-width: 800px) 100vw, 800px\" \/>\t\t\t\t\t<\/a><\/p>\n<h3><a href=\"https:\/\/urban-diplomacy.de\/en\/german-british-virtual-mayors-roundtable-on-22-february-2023\/\">Virtual Mayors Roundtable on February 22, 2023<\/a><\/h3>\n<p>                <a href=\"https:\/\/urban-diplomacy.de\/en\/german-british-virtual-mayors-roundtable-on-22-february-2023\/\" target=\"_self\">More &quot;<\/a>\t\t\t<\/p>\n<h2>UDE Media Library<\/h2>\n<h3>Here you will find explanatory videos, interviews and event recordings that were created as part of the Urban Diplomacy Exchange 2021-2023.<\/h3>\n<h2 id=\"e-playlist-a5acdf9\">UDE 2021-2023 media library<\/h2>\n<p>\t\t\t\t\t\t\t\t\t\t\t\t\t\t\t9 Videos<br \/>\n\t\t\t\t\t\t\t\t\t\t\t\t\t\t\t\t\t\t\t\t\t\t\t\t\t<img decoding=\"async\" src=\"https:\/\/urban-diplomacy.de\/wp-content\/uploads\/2024\/03\/UDE-21-23-icon-for-web2.png\" alt=\"Urban Diplomacy, City Diplomacy\" loading=\"lazy\" \/><\/p>\n<h4>\n\t\t\t\t\t\t\t\t\t\t\t<button type=\"button\">Urban Diplomacy, City Diplomacy<\/button><br \/>\n\t\t\t\t\t\t\t\t\t\t<\/h4>\n<p>\t\t\t\t\t\t\t\t\t\t\t\t\t\t\t\t\t\t\t\t\t\t\t\t\t<img decoding=\"async\" src=\"https:\/\/urban-diplomacy.de\/wp-content\/uploads\/2024\/03\/UDE-21-23-icon-for-web.png\" alt=\"Urban Diplomacy Exchange Project (2021-2023) - Concept, Goals and Outcomes\" loading=\"lazy\" \/><\/p>\n<h4>\n\t\t\t\t\t\t\t\t\t\t\t<button type=\"button\">Urban Diplomacy Exchange Project (2021-2023) \u2013 Concept, Goals and Outcomes<\/button><br \/>\n\t\t\t\t\t\t\t\t\t\t<\/h4>\n<p>\t\t\t\t\t\t\t\t\t\t\t\t\t\t\t\t\t\t\t\t\t\t\t\t\t<img decoding=\"async\" src=\"http:\/\/img.youtube.com\/vi\/qkKXNLRdxqY\/maxresdefault.jpg\" alt=\"Interview with Dr. Ursula Sautter, Deputy Mayor of Bonn @ UDE Conference Leeds 2023\" loading=\"lazy\" \/><\/p>\n<h4>\n\t\t\t\t\t\t\t\t\t\t\t<button type=\"button\">Interview with Dr. Ursula Sautter, Deputy Mayor of Bonn @ UDE Conference Leeds 2023<\/button><br \/>\n\t\t\t\t\t\t\t\t\t\t<\/h4>\n<p>\t\t\t\t\t\t\t\t\t\t\t\t\t\t\t\t\t\t\t\t\t2:13<br \/>\n\t\t\t\t\t\t\t\t\t\t\t\t\t\t\t\t\t\t\t\t\t\t\t\t\t<img decoding=\"async\" src=\"http:\/\/img.youtube.com\/vi\/x64lnjUb1T8\/maxresdefault.jpg\" alt=\"Interview with Councilor Elizabeth Clements, City of Birmingham @ UDE Conference Leeds 2023\" loading=\"lazy\" \/><\/p>\n<h4>\n\t\t\t\t\t\t\t\t\t\t\t<button type=\"button\">Interview with Councilor Elizabeth Clements, City of Birmingham @ UDE Conference Leeds 2023<\/button><br \/>\n\t\t\t\t\t\t\t\t\t\t<\/h4>\n<p>\t\t\t\t\t\t\t\t\t\t\t\t\t\t\t\t\t\t\t\t\t1:53<br \/>\n\t\t\t\t\t\t\t\t\t\t\t\t\t\t\t\t\t\t\t\t\t\t\t\t\t<img decoding=\"async\" src=\"https:\/\/urban-diplomacy.de\/wp-content\/uploads\/2023\/03\/Welcome-Folie-MRT_DE-VK.jpg\" alt=\"UDE German British Virtual Mayors Roundtable (02\/22\/2023)\" loading=\"lazy\" \/><\/p>\n<h4>\n\t\t\t\t\t\t\t\t\t\t\t<button type=\"button\">UDE German British Virtual Mayors Roundtable (02\/22\/2023)<\/button><br \/>\n\t\t\t\t\t\t\t\t\t\t<\/h4>\n<p>\t\t\t\t\t\t\t\t\t\t\t\t\t\t\t\t\t\t\t\t\t\t\t\t\t<img decoding=\"async\" src=\"https:\/\/urban-diplomacy.de\/wp-content\/uploads\/2023\/01\/vPA-Urban-Diplomacy-in-times-of-multiple-crises.png\" alt=\"DE-UK Virtual Partnership Conference, 7 December 2022 (Day 1)\" loading=\"lazy\" \/><\/p>\n<h4>\n\t\t\t\t\t\t\t\t\t\t\t<button type=\"button\">DE-UK Virtual Partnership Conference, 7 December 2022 (Day 1)<\/button><br \/>\n\t\t\t\t\t\t\t\t\t\t<\/h4>\n<p>\t\t\t\t\t\t\t\t\t\t\t\t\t\t\t\t\t\t\t\t\t2:23:37<br \/>\n\t\t\t\t\t\t\t\t\t\t\t\t\t\t\t\t\t\t\t\t\t\t\t\t\t<img decoding=\"async\" src=\"https:\/\/urban-diplomacy.de\/wp-content\/uploads\/2023\/01\/vPA-Urban-Diplomacy-in-times-of-multiple-crises.png\" alt=\"DE-UK Virtual Partnership Conference, 8 December 2022 (Day 2)\" loading=\"lazy\" \/><\/p>\n<h4>\n\t\t\t\t\t\t\t\t\t\t\t<button type=\"button\">DE-UK Virtual Partnership Conference, 8 December 2022 (Day 2)<\/button><br \/>\n\t\t\t\t\t\t\t\t\t\t<\/h4>\n<p>\t\t\t\t\t\t\t\t\t\t\t\t\t\t\t\t\t\t\t\t\t2:00:52<br \/>\n\t\t\t\t\t\t\t\t\t\t\t\t\t\t\t\t\t\t\t\t\t\t\t\t\t<img decoding=\"async\" src=\"https:\/\/urban-diplomacy.de\/wp-content\/uploads\/2022\/10\/UDE_Group-Photo-scaled.jpg\" alt=\"DE-USA Partnership Conference, October 20, 2022, Washington, DC\" loading=\"lazy\" \/><\/p>\n<h4>\n\t\t\t\t\t\t\t\t\t\t\t<button type=\"button\">DE-USA Partnership Conference, October 20, 2022, Washington, DC<\/button><br \/>\n\t\t\t\t\t\t\t\t\t\t<\/h4>\n<p>\t\t\t\t\t\t\t\t\t\t\t\t\t\t\t\t\t\t\t\t\t1:40:56<br \/>\n\t\t\t\t\t\t\t\t\t\t\t\t\t\t\t\t\t\t\t\t\t\t\t\t\t<img decoding=\"async\" src=\"https:\/\/urban-diplomacy.de\/wp-content\/uploads\/2023\/03\/Shipra_UN-Habitat.png\" alt=\"Keynote Message by Shipra Narang Suri at UDE Germany-USA Virtual Partnership Conference (05\/19\/2022)\" loading=\"lazy\" \/><\/p>\n<h4>\n\t\t\t\t\t\t\t\t\t\t\t<button type=\"button\">Keynote Message by Shipra Narang Suri at UDE Germany-USA Virtual Partnership Conference (05\/19\/2022)<\/button><br \/>\n\t\t\t\t\t\t\t\t\t\t<\/h4>\n<h2>Relevant events<\/h2>\n<ul>\n<li>\n                                        <a href=\"https:\/\/www.centreforcities.org\/event\/diplomacity-how-cities-can-work-together-internationally\/\" target=\"_blank\" rel=\"noopener\"><br \/>\n\t\t\t\t\t\t\t\t\t<!-- title tag start --><\/p>\n<h4>\n                                        Diplomacity: How cities can work together internationally I Center for Cities and Core Cities UK for a look at how cities are increasingly cooperating at the international level                                                                            <\/h4>\n<p>\t\t\t\t\t\t\t\t\t<!-- title tag end --><\/p>\n<p>\n                                        31 October 2024, online                                     <\/p>\n<p>                                        <\/a>\n                <\/li>\n<li>\n                                        <a href=\"https:\/\/mcusercontent.com\/b24250dac623a8bc5da1b0664\/files\/217de343-d6b6-543d-ad95-0f9b7056b0dd\/Draft_UNGA_resolution_Modalities_for_the_Summit_of_the_Future.pdf\" target=\"_blank\" rel=\"noopener\"><br \/>\n\t\t\t\t\t\t\t\t\t<!-- title tag start --><\/p>\n<h4>\n                                        Summit of the Future: Multilateral Solutions for a Better Tomorrow                                                                            <\/h4>\n<p>\t\t\t\t\t\t\t\t\t<!-- title tag end --><\/p>\n<p>\n                                        22-23 September 2024, New York, United States\n                                    <\/p>\n<p>                                        <\/a>\n                <\/li>\n<li>\n                                        <a href=\"https:\/\/unhabitat.org\/join-us\/calls\/hosting-of-the-thirteenth-session-of-the-world-urban-forum-wuf13-in-2026\" target=\"_blank\" rel=\"noopener\"><br \/>\n\t\t\t\t\t\t\t\t\t<!-- title tag start --><\/p>\n<h4>\n                                        World Urban Forum (WUF12)                                                                            <\/h4>\n<p>\t\t\t\t\t\t\t\t\t<!-- title tag end --><\/p>\n<p>\n                                        2024, Cairo, Egypt                                    <\/p>\n<p>                                        <\/a>\n                <\/li>\n<\/ul>\n<h2>Podcasts<\/h2>\n<h3>Check out these podcasts on city diplomacy and sustainable urban development<\/h3>\n<figure>\n\t\t\t\t\t\t\t<\/figure>\n<h4>podcast <\/h4>\n<p>Cascading Hazards with Dr. Michael Greenberg (planning.org)<\/p>\n<p>\t\t\t\t\t\t\t<a href=\"https:\/\/www.planning.org\/podcast\/cascading-hazards-with-dr-michael-greenberg\/\" rel=\"noopener\"> listen now<\/a><\/p>\n<figure>\n\t\t\t\t\t\t\t<\/figure>\n<h4>podcast <\/h4>\n<p>\u201eFeminist City\u201c Author Leslie Kern on Envisioning More Equitable Urban Spaces (planning.org)<\/p>\n<p>\t\t\t\t\t\t\t<a href=\"http:\/\/planning.org\/podcast\/feminist-city-author-leslie-kern-on-envisioning-more-equitable-urban-spaces\/\" rel=\"noopener\"> listen now<\/a><\/p>\n<h2>Further resources<\/h2>\n<ul>\n<li>\n                                        <a href=\"https:\/\/www.citydiplomacylab.net\/\" target=\"_blank\" rel=\"noopener\"><br \/>\n\t\t\t\t\t\t\t\t\t<!-- title tag start --><\/p>\n<h4>\n                                        City Diplomacy Lab                                                                            <\/h4>\n<p>\t\t\t\t\t\t\t\t\t<!-- title tag end --><\/p>\n<p>\n                                         Connecting cities through research, training, and practice                                    <\/p>\n<p>                                        <\/a>\n                <\/li>\n<li>\n                                        <a href=\"https:\/\/kommunalwiki.boell.de\/index.php\/Hauptseite\" target=\"_blank\" rel=\"noopener\"><br \/>\n\t\t\t\t\t\t\t\t\t<!-- title tag start --><\/p>\n<h4>\n                                        Municipal Wiki                                                                            <\/h4>\n<p>\t\t\t\t\t\t\t\t\t<!-- title tag end --><\/p>\n<p>\n                                         Connecting cities through research, training, and practice                                    <\/p>\n<p>                                        <\/a>\n                <\/li>\n<\/ul>","protected":false},"excerpt":{"rendered":"<p>Infothek Deutschland und das Vereinigte K\u00f6nigreich Gro\u00dfbritannien und Nordirland schlie\u00dfen Vertrag \u00fcber Freundschaft und bilaterale Zusammenarbeit Mehr \u00bb Gemeinsam unsere Stadt gestalten: Erforschung und St\u00e4rkung der Jugendbeteiligung Mehr \u00bb Mayor\u00b4s Roundtable Bremen: Gemeinsame Herausforderungen und transatlantische L\u00f6sungen f\u00fcr St\u00e4dte Mehr \u00bb UDE II deutsch-britische Partnerschaftskonferenz 28.-29.November 2024 | Edinburgh Mehr \u00bb Wilsdruff sucht Partnerstadt in [&hellip;]<\/p>\n","protected":false},"author":1,"featured_media":0,"parent":0,"menu_order":0,"comment_status":"closed","ping_status":"closed","template":"","meta":{"footnotes":""},"class_list":["post-39","page","type-page","status-publish","hentry"],"_links":{"self":[{"href":"https:\/\/urban-diplomacy.de\/en\/wp-json\/wp\/v2\/pages\/39","targetHints":{"allow":["GET"]}}],"collection":[{"href":"https:\/\/urban-diplomacy.de\/en\/wp-json\/wp\/v2\/pages"}],"about":[{"href":"https:\/\/urban-diplomacy.de\/en\/wp-json\/wp\/v2\/types\/page"}],"author":[{"embeddable":true,"href":"https:\/\/urban-diplomacy.de\/en\/wp-json\/wp\/v2\/users\/1"}],"replies":[{"embeddable":true,"href":"https:\/\/urban-diplomacy.de\/en\/wp-json\/wp\/v2\/comments?post=39"}],"version-history":[{"count":187,"href":"https:\/\/urban-diplomacy.de\/en\/wp-json\/wp\/v2\/pages\/39\/revisions"}],"predecessor-version":[{"id":3881,"href":"https:\/\/urban-diplomacy.de\/en\/wp-json\/wp\/v2\/pages\/39\/revisions\/3881"}],"wp:attachment":[{"href":"https:\/\/urban-diplomacy.de\/en\/wp-json\/wp\/v2\/media?parent=39"}],"curies":[{"name":"wp","href":"https:\/\/api.w.org\/{rel}","templated":true}]}}