{"id":3827,"date":"2025-11-20T14:34:57","date_gmt":"2025-11-20T13:34:57","guid":{"rendered":"https:\/\/urban-diplomacy.de\/?page_id=3827"},"modified":"2026-01-11T18:27:11","modified_gmt":"2026-01-11T17:27:11","slug":"approaches-by-ude","status":"publish","type":"page","link":"https:\/\/urban-diplomacy.de\/en\/ansaetze-von-ude\/","title":{"rendered":"Approaches"},"content":{"rendered":"<div data-elementor-type=\"wp-page\" data-elementor-id=\"3827\" class=\"elementor elementor-3827\" data-elementor-settings=\"{&quot;ha_cmc_init_switcher&quot;:&quot;no&quot;}\" data-elementor-post-type=\"page\">\n\t\t\t\t\t\t<section class=\"elementor-section elementor-top-section elementor-element elementor-element-6e0db02e elementor-section-boxed elementor-section-height-default elementor-section-height-default\" data-id=\"6e0db02e\" data-element_type=\"section\" data-e-type=\"section\">\n\t\t\t\t\t\t<div class=\"elementor-container elementor-column-gap-default\">\n\t\t\t\t\t<div class=\"elementor-column elementor-col-100 elementor-top-column elementor-element elementor-element-51527a3c\" data-id=\"51527a3c\" data-element_type=\"column\" data-e-type=\"column\">\n\t\t\t<div class=\"elementor-widget-wrap elementor-element-populated\">\n\t\t\t\t\t\t<div class=\"elementor-element elementor-element-5b375b0b elementor-widget elementor-widget-text-editor\" data-id=\"5b375b0b\" data-element_type=\"widget\" data-e-type=\"widget\" data-widget_type=\"text-editor.default\">\n\t\t\t\t<div class=\"elementor-widget-container\">\n\t\t\t\t\t\t\t\t\t\n<p class=\"has-text-align-left\">UDE enables (mostly existing) city partnerships to strengthen their bilateral relationships, elevate them from a representative-cultural exchange to a professional level, and expand them into trilateral and multilateral city connections. Furthermore, UDE&#039;s strategic goal is to motivate and empower cities \u2013 within the framework of the 2030 Agenda \u2013 to engage in continuous global learning, global responsibility, and global commitments.<\/p>\n\n<p class=\"has-text-align-left\">UDE designs, organizes, and promotes conferences (both in-person and virtual) for local politicians and representatives of municipal departments (especially the Office for International Affairs, the Environmental Office, and the Office for Social Affairs). This low-threshold approach is welcomed by numerous cities and seen as a way to initiate and\/or sustain international cooperation.<\/p>\n\n<p class=\"has-text-align-left\">Professional exchange trips enable cities to get to know the situation of their partner city directly, to build personal contacts and to learn about actual location factors and political contexts, which leads to greater understanding in the partnership.<\/p>\n<p class=\"has-text-align-left\">As in other European countries, municipal connections are increasingly being used as a complement to national diplomacy, and knowledge from city administrations, which often need to be able to act ad hoc, is being used as a source of expertise.<\/p>\n\n<p class=\"has-text-align-left\"><strong>Project goals<\/strong><br \/>The understanding among the participating cities in Germany and in the partner countries is<br \/>They are strengthened by current political situations and solutions. Local actors are aware of their role in urban diplomacy and their potential to shape the implementation of the 2030 Agenda. Furthermore, they are in their<br \/>Skills for collaborative partnerships have been strengthened. Municipalities are involved in the internationalization of their cities and in implementing the Agenda.<br \/>Strengthened by 2030.<\/p>\n\n<p>The 17 Sustainable Development Goals of the 2030 Agenda have direct and indirect links to local government.<br \/>administrative level. Therefore, cities worldwide, as the level closest to the citizens, play a central role in this.<br \/>Shaping the implementation of the 2030 Agenda.<\/p>\n\n<p>The 2030 Agenda is not just a set of goals, but an instrument for shaping one&#039;s own city, partnerships, and for acknowledging and perceiving global responsibility.<\/p>\n\n<h4 class=\"wp-block-heading\">\u00a0<\/h4>\n<h4 class=\"wp-block-heading\">Further links:<\/h4>\n\n<p><a href=\"https:\/\/www.citydiplomacylab.net\/\" rel=\"noopener\">City Diplomacy Lab \u2013 Connecting cities through research, training, and practice<\/a><\/p>\n\n<p><a href=\"https:\/\/www.staedtetag.de\/presse\/pressemeldungen\/2025\/mayors-round-table-staedte-stehen-vor-ganz-aehnlichen-herausforderungen\" rel=\"noopener\">\u201e&quot;Cities on both sides of the Atlantic face very similar challenges&quot;: German Association of Cities<\/a><\/p>\n\t\t\t\t\t\t\t\t<\/div>\n\t\t\t\t<\/div>\n\t\t\t\t\t<\/div>\n\t\t<\/div>\n\t\t\t\t\t<\/div>\n\t\t<\/section>\n\t\t\t\t<\/div>","protected":false},"excerpt":{"rendered":"<p>UDE erm\u00f6glicht (meist bereits bestehenden) St\u00e4dtepartnerschaften ihre bilateralen Beziehungen zu festigen, sie von einem repr\u00e4sentativ-kulturellem Austausch auf eine fachliche Ebene zu heben und zu tri- und multilateralen St\u00e4dteverbindungen auszubauen. Strategisches Ziel von UDE ist zudem St\u00e4dte \u2013 im Rahmen der Agenda 2030 \u2013 zu kontinuierlichem globalem Lernen, globaler Verantwortung und globalen Verpflichtungen zu motivieren und [&hellip;]<\/p>\n","protected":false},"author":2,"featured_media":0,"parent":0,"menu_order":0,"comment_status":"closed","ping_status":"closed","template":"","meta":{"footnotes":""},"class_list":["post-3827","page","type-page","status-publish","hentry"],"_links":{"self":[{"href":"https:\/\/urban-diplomacy.de\/en\/wp-json\/wp\/v2\/pages\/3827","targetHints":{"allow":["GET"]}}],"collection":[{"href":"https:\/\/urban-diplomacy.de\/en\/wp-json\/wp\/v2\/pages"}],"about":[{"href":"https:\/\/urban-diplomacy.de\/en\/wp-json\/wp\/v2\/types\/page"}],"author":[{"embeddable":true,"href":"https:\/\/urban-diplomacy.de\/en\/wp-json\/wp\/v2\/users\/2"}],"replies":[{"embeddable":true,"href":"https:\/\/urban-diplomacy.de\/en\/wp-json\/wp\/v2\/comments?post=3827"}],"version-history":[{"count":11,"href":"https:\/\/urban-diplomacy.de\/en\/wp-json\/wp\/v2\/pages\/3827\/revisions"}],"predecessor-version":[{"id":3878,"href":"https:\/\/urban-diplomacy.de\/en\/wp-json\/wp\/v2\/pages\/3827\/revisions\/3878"}],"wp:attachment":[{"href":"https:\/\/urban-diplomacy.de\/en\/wp-json\/wp\/v2\/media?parent=3827"}],"curies":[{"name":"wp","href":"https:\/\/api.w.org\/{rel}","templated":true}]}}