{"id":3614,"date":"2025-07-25T13:45:40","date_gmt":"2025-07-25T11:45:40","guid":{"rendered":"https:\/\/urban-diplomacy.de\/?page_id=3614"},"modified":"2025-07-25T14:08:43","modified_gmt":"2025-07-25T12:08:43","slug":"coburg-toledo-cloned-3463","status":"publish","type":"page","link":"https:\/\/urban-diplomacy.de\/en\/de-usa\/coburg-toledo-cloned-3463\/","title":{"rendered":"D\u00fcsseldorf-Portland"},"content":{"rendered":"\t\t<div data-elementor-type=\"wp-page\" data-elementor-id=\"3614\" class=\"elementor elementor-3614\" data-elementor-settings=\"{&quot;ha_cmc_init_switcher&quot;:&quot;no&quot;}\" data-elementor-post-type=\"page\">\n\t\t\t\t\t\t<section data-ha-partstyle=\"custom\" data-ha-partcolor=\"\" data-ha-partopacity=\"\" data-ha-partdirection=\"bottom\" data-ha-partdata=\"{&quot;particles&quot;:{&quot;number&quot;:{&quot;value&quot;:29,&quot;density&quot;:{&quot;enable&quot;:true,&quot;value_area&quot;:946.9771699587272}},&quot;color&quot;:{&quot;value&quot;:&quot;#fc9c2c&quot;},&quot;shape&quot;:{&quot;type&quot;:&quot;circle&quot;,&quot;stroke&quot;:{&quot;width&quot;:0,&quot;color&quot;:&quot;#000000&quot;},&quot;polygon&quot;:{&quot;nb_sides&quot;:5},&quot;image&quot;:{&quot;src&quot;:&quot;img\\\/github.svg&quot;,&quot;width&quot;:100,&quot;height&quot;:100}},&quot;opacity&quot;:{&quot;value&quot;:0.5,&quot;random&quot;:false,&quot;anim&quot;:{&quot;enable&quot;:false,&quot;speed&quot;:1,&quot;opacity_min&quot;:0.1,&quot;sync&quot;:false}},&quot;size&quot;:{&quot;value&quot;:19.728691040806815,&quot;random&quot;:true,&quot;anim&quot;:{&quot;enable&quot;:false,&quot;speed&quot;:40,&quot;size_min&quot;:0.1,&quot;sync&quot;:false}},&quot;line_linked&quot;:{&quot;enable&quot;:true,&quot;distance&quot;:150,&quot;color&quot;:&quot;#fc9c2c&quot;,&quot;opacity&quot;:0.4,&quot;width&quot;:4.970577388683121},&quot;move&quot;:{&quot;enable&quot;:true,&quot;speed&quot;:0.9,&quot;direction&quot;:&quot;none&quot;,&quot;random&quot;:false,&quot;straight&quot;:false,&quot;out_mode&quot;:&quot;out&quot;,&quot;bounce&quot;:false,&quot;attract&quot;:{&quot;enable&quot;:false,&quot;rotateX&quot;:600,&quot;rotateY&quot;:1200}}},&quot;interactivity&quot;:{&quot;detect_on&quot;:&quot;canvas&quot;,&quot;events&quot;:{&quot;onhover&quot;:{&quot;enable&quot;:true,&quot;mode&quot;:&quot;grab&quot;},&quot;onclick&quot;:{&quot;enable&quot;:true,&quot;mode&quot;:&quot;push&quot;},&quot;resize&quot;:true},&quot;modes&quot;:{&quot;grab&quot;:{&quot;distance&quot;:400,&quot;line_linked&quot;:{&quot;opacity&quot;:1}},&quot;bubble&quot;:{&quot;distance&quot;:400,&quot;size&quot;:40,&quot;duration&quot;:2,&quot;opacity&quot;:8,&quot;speed&quot;:3},&quot;repulse&quot;:{&quot;distance&quot;:200,&quot;duration&quot;:0.4},&quot;push&quot;:{&quot;particles_nb&quot;:4},&quot;remove&quot;:{&quot;particles_nb&quot;:2}}},&quot;retina_detect&quot;:true}\" class=\"elementor-section elementor-top-section elementor-element elementor-element-ff2f184 elementor-section-height-min-height ha-particle-yes elementor-section-boxed elementor-section-height-default elementor-section-items-middle\" data-id=\"ff2f184\" data-element_type=\"section\" data-e-type=\"section\" data-settings=\"{&quot;background_background&quot;:&quot;gradient&quot;}\">\n\t\t\t\t\t\t<div class=\"elementor-container elementor-column-gap-default\">\n\t\t\t\t\t<div class=\"elementor-column elementor-col-100 elementor-top-column elementor-element elementor-element-5cfb099\" data-id=\"5cfb099\" data-element_type=\"column\" data-e-type=\"column\">\n\t\t\t<div class=\"elementor-widget-wrap elementor-element-populated\">\n\t\t\t\t\t\t<div class=\"elementor-element elementor-element-7da85fb elementor-invisible elementor-widget elementor-widget-heading\" data-id=\"7da85fb\" data-element_type=\"widget\" data-e-type=\"widget\" data-settings=\"{&quot;_animation&quot;:&quot;fadeInDown&quot;}\" data-widget_type=\"heading.default\">\n\t\t\t\t<div class=\"elementor-widget-container\">\n\t\t\t\t\t<h1 class=\"elementor-heading-title elementor-size-default\">D\u00fcsseldorf- Portland<br><br><\/h1>\t\t\t\t<\/div>\n\t\t\t\t<\/div>\n\t\t\t\t<div class=\"elementor-element elementor-element-389d4e3 elementor-widget__width-auto elementor-invisible elementor-widget elementor-widget-heading\" data-id=\"389d4e3\" data-element_type=\"widget\" data-e-type=\"widget\" data-settings=\"{&quot;_animation&quot;:&quot;fadeInLeft&quot;}\" data-widget_type=\"heading.default\">\n\t\t\t\t<div class=\"elementor-widget-container\">\n\t\t\t\t\t<h1 class=\"elementor-heading-title elementor-size-default\">Urban<\/h1>\t\t\t\t<\/div>\n\t\t\t\t<\/div>\n\t\t\t\t<div class=\"elementor-element elementor-element-ca21cb1 elementor-widget__width-auto elementor-invisible elementor-widget elementor-widget-heading\" data-id=\"ca21cb1\" data-element_type=\"widget\" data-e-type=\"widget\" data-settings=\"{&quot;_animation&quot;:&quot;fadeInLeft&quot;,&quot;_animation_delay&quot;:200}\" data-widget_type=\"heading.default\">\n\t\t\t\t<div class=\"elementor-widget-container\">\n\t\t\t\t\t<h1 class=\"elementor-heading-title elementor-size-default\">Diplomacy<\/h1>\t\t\t\t<\/div>\n\t\t\t\t<\/div>\n\t\t\t\t<div class=\"elementor-element elementor-element-1b2de5d elementor-widget__width-auto elementor-invisible elementor-widget elementor-widget-heading\" data-id=\"1b2de5d\" data-element_type=\"widget\" data-e-type=\"widget\" data-settings=\"{&quot;_animation&quot;:&quot;fadeInLeft&quot;}\" data-widget_type=\"heading.default\">\n\t\t\t\t<div class=\"elementor-widget-container\">\n\t\t\t\t\t<h1 class=\"elementor-heading-title elementor-size-default\">Exchange<\/h1>\t\t\t\t<\/div>\n\t\t\t\t<\/div>\n\t\t\t\t<div class=\"elementor-element elementor-element-dd75481 elementor-widget__width-auto elementor-absolute elementor-widget elementor-widget-image\" data-id=\"dd75481\" data-element_type=\"widget\" data-e-type=\"widget\" data-settings=\"{&quot;_position&quot;:&quot;absolute&quot;,&quot;motion_fx_motion_fx_scrolling&quot;:&quot;yes&quot;,&quot;motion_fx_rotateZ_effect&quot;:&quot;yes&quot;,&quot;motion_fx_rotateZ_speed&quot;:{&quot;unit&quot;:&quot;px&quot;,&quot;size&quot;:1,&quot;sizes&quot;:[]},&quot;motion_fx_rotateZ_affectedRange&quot;:{&quot;unit&quot;:&quot;%&quot;,&quot;size&quot;:&quot;&quot;,&quot;sizes&quot;:{&quot;start&quot;:0,&quot;end&quot;:100}},&quot;motion_fx_devices&quot;:[&quot;desktop&quot;,&quot;tablet&quot;,&quot;mobile&quot;]}\" data-widget_type=\"image.default\">\n\t\t\t\t<div class=\"elementor-widget-container\">\n\t\t\t\t\t\t\t\t\t\t\t\t\t\t\t<img fetchpriority=\"high\" decoding=\"async\" width=\"555\" height=\"544\" src=\"https:\/\/urban-diplomacy.de\/wp-content\/uploads\/2022\/07\/Urban-Bildlogo.png\" class=\"attachment-large size-large wp-image-115\" alt=\"\" srcset=\"https:\/\/urban-diplomacy.de\/wp-content\/uploads\/2022\/07\/Urban-Bildlogo.png 555w, https:\/\/urban-diplomacy.de\/wp-content\/uploads\/2022\/07\/Urban-Bildlogo-300x294.png 300w\" sizes=\"(max-width: 555px) 100vw, 555px\" \/>\t\t\t\t\t\t\t\t\t\t\t\t\t\t\t<\/div>\n\t\t\t\t<\/div>\n\t\t\t\t\t<\/div>\n\t\t<\/div>\n\t\t\t\t\t<\/div>\n\t\t<\/section>\n\t\t\t\t<section class=\"elementor-section elementor-top-section elementor-element elementor-element-ce4748f elementor-section-boxed elementor-section-height-default elementor-section-height-default\" data-id=\"ce4748f\" data-element_type=\"section\" data-e-type=\"section\">\n\t\t\t\t\t\t<div class=\"elementor-container elementor-column-gap-default\">\n\t\t\t\t\t<div class=\"elementor-column elementor-col-100 elementor-top-column elementor-element elementor-element-1069c0c\" data-id=\"1069c0c\" data-element_type=\"column\" data-e-type=\"column\">\n\t\t\t<div class=\"elementor-widget-wrap elementor-element-populated\">\n\t\t\t\t\t\t<div class=\"elementor-element elementor-element-87ff6a1 elementor-widget elementor-widget-heading\" data-id=\"87ff6a1\" data-element_type=\"widget\" data-e-type=\"widget\" data-widget_type=\"heading.default\">\n\t\t\t\t<div class=\"elementor-widget-container\">\n\t\t\t\t\t<h1 class=\"elementor-heading-title elementor-size-default\">D\u00fcsseldorf- Portland<\/h1>\t\t\t\t<\/div>\n\t\t\t\t<\/div>\n\t\t\t\t\t<\/div>\n\t\t<\/div>\n\t\t\t\t\t<\/div>\n\t\t<\/section>\n\t\t\t\t<section class=\"elementor-section elementor-top-section elementor-element elementor-element-143ed5f elementor-section-boxed elementor-section-height-default elementor-section-height-default\" data-id=\"143ed5f\" data-element_type=\"section\" data-e-type=\"section\">\n\t\t\t\t\t\t<div class=\"elementor-container elementor-column-gap-default\">\n\t\t\t\t\t<div class=\"elementor-column elementor-col-100 elementor-top-column elementor-element elementor-element-4a71716\" data-id=\"4a71716\" data-element_type=\"column\" data-e-type=\"column\">\n\t\t\t<div class=\"elementor-widget-wrap elementor-element-populated\">\n\t\t\t\t\t\t<div class=\"elementor-element elementor-element-45a3433 elementor-widget elementor-widget-text-editor\" data-id=\"45a3433\" data-element_type=\"widget\" data-e-type=\"widget\" data-widget_type=\"text-editor.default\">\n\t\t\t\t<div class=\"elementor-widget-container\">\n\t\t\t\t\t\t\t\t\t<p><strong>7. bis\u00a0 11. April 2025<\/strong><\/p><p>Vom 6. bis 11. April 2025 fand ein Fachaustausch der Verwaltung zwischen der Landeshauptstadt D\u00fcsseldorf und der Stadt Portland (Oregon, USA) im Rahmen des Urban Diplomacy Exchange Programms statt. Drei Vertreterinnen der D\u00fcsseldorfer Stadtverwaltung, unter anderem aus dem Stadtplanungsamt, reisten in die USA, um sich gemeinsam mit ihren amerikanischen Kolleg*innen \u00fcber aktuelle Themen der Stadtentwicklung auszutauschen.<\/p><p><strong>Anreise und Programmstart<\/strong><\/p><p>Bereits im Vorfeld hatten die Kolleg*innen aus Portland ein abwechslungsreiches und fachlich breit gef\u00e4chertes Programm zusammengestellt. Vormittags standen Fachvortr\u00e4ge zu Themen wie Stadtplanung, Mobilit\u00e4ts- und Verkehrsplanung sowie Abfallmanagement auf dem Programm. An den Nachmittagen fanden Exkursionen zu ausgew\u00e4hlten Projekten im Stadtgebiet statt \u2013 unter anderem in das Stadtviertel Cully am Stadtrand Portlands. Ein erstes Kennenlernen und der informelle Austausch wurden bei gemeinsamen Abenden in entspannter Atmosph\u00e4re vertieft.<\/p><h6><strong><img decoding=\"async\" class=\"alignnone size-medium wp-image-3532\" src=\"https:\/\/urban-diplomacy.de\/wp-content\/uploads\/2025\/07\/Delegation-DUS-PORTland-300x218.jpg\" alt=\"\" width=\"300\" height=\"218\" srcset=\"https:\/\/urban-diplomacy.de\/wp-content\/uploads\/2025\/07\/Delegation-DUS-PORTland-300x218.jpg 300w, https:\/\/urban-diplomacy.de\/wp-content\/uploads\/2025\/07\/Delegation-DUS-PORTland-16x12.jpg 16w, https:\/\/urban-diplomacy.de\/wp-content\/uploads\/2025\/07\/Delegation-DUS-PORTland.jpg 614w\" sizes=\"(max-width: 300px) 100vw, 300px\" \/><br \/><\/strong>Die Delegation aus D\u00fcsseldorf bei ihren Partnern in der Stadt Portland\u00a0<\/h6><p><strong>Auftakt am 7. April 2025<\/strong><\/p><p>Der offizielle Auftakt des Austausches begann mit einem \u201eGet-together\u201c und Begr\u00fc\u00dfungen im Portland Building. Erste Pr\u00e4sentationen boten einen grundlegenden Einblick in die Planungsans\u00e4tze und aktuellen Herausforderungen der Stadt Portland. Abgerundet wurde der Tag durch eine st\u00e4dtebauliche F\u00fchrung und eine Fahrt mit der Aerial Tram.<\/p><p><strong>Fachaustausch &amp; Exkursionen (8.\u201310. April 2025)<\/strong><\/p><p>In den darauffolgenden Tagen pr\u00e4sentierten beide Delegationen aus D\u00fcsseldorf und Portland ihre Ans\u00e4tze und Erfahrungen zu verschiedenen Themenfeldern wie Stadtplanung, Abfallentsorgung und Infrastruktur, darunter auch das Thema Br\u00fcckenbau. Erg\u00e4nzend dazu wurden ausgew\u00e4hlte Projekte vor Ort besucht, wie etwa eine rund 100 Jahre alte bewegliche Klappbr\u00fccke.<\/p>\t\t\t\t\t\t\t\t<\/div>\n\t\t\t\t<\/div>\n\t\t\t\t\t<\/div>\n\t\t<\/div>\n\t\t\t\t\t<\/div>\n\t\t<\/section>\n\t\t\t\t<section class=\"elementor-section elementor-top-section elementor-element elementor-element-f7ea938 elementor-section-boxed elementor-section-height-default elementor-section-height-default\" data-id=\"f7ea938\" data-element_type=\"section\" data-e-type=\"section\">\n\t\t\t\t\t\t<div class=\"elementor-container elementor-column-gap-default\">\n\t\t\t\t\t<div class=\"elementor-column elementor-col-50 elementor-top-column elementor-element elementor-element-42f2f3f\" data-id=\"42f2f3f\" data-element_type=\"column\" data-e-type=\"column\">\n\t\t\t<div class=\"elementor-widget-wrap elementor-element-populated\">\n\t\t\t\t\t\t<div class=\"elementor-element elementor-element-da6108a elementor-widget__width-initial elementor-widget elementor-widget-image\" data-id=\"da6108a\" data-element_type=\"widget\" data-e-type=\"widget\" data-widget_type=\"image.default\">\n\t\t\t\t<div class=\"elementor-widget-container\">\n\t\t\t\t\t\t\t\t\t\t\t\t\t\t\t<img decoding=\"async\" width=\"800\" height=\"602\" src=\"https:\/\/urban-diplomacy.de\/wp-content\/uploads\/2025\/07\/Besuch-bei-Verde.png\" class=\"attachment-large size-large wp-image-3531\" alt=\"\" srcset=\"https:\/\/urban-diplomacy.de\/wp-content\/uploads\/2025\/07\/Besuch-bei-Verde.png 860w, https:\/\/urban-diplomacy.de\/wp-content\/uploads\/2025\/07\/Besuch-bei-Verde-300x226.png 300w, https:\/\/urban-diplomacy.de\/wp-content\/uploads\/2025\/07\/Besuch-bei-Verde-768x578.png 768w, https:\/\/urban-diplomacy.de\/wp-content\/uploads\/2025\/07\/Besuch-bei-Verde-16x12.png 16w\" sizes=\"(max-width: 800px) 100vw, 800px\" \/>\t\t\t\t\t\t\t\t\t\t\t\t\t\t\t<\/div>\n\t\t\t\t<\/div>\n\t\t\t\t<div class=\"elementor-element elementor-element-a7ee56e elementor-widget__width-initial elementor-widget elementor-widget-image\" data-id=\"a7ee56e\" data-element_type=\"widget\" data-e-type=\"widget\" data-widget_type=\"image.default\">\n\t\t\t\t<div class=\"elementor-widget-container\">\n\t\t\t\t\t\t\t\t\t\t\t\t\t\t\t<img loading=\"lazy\" decoding=\"async\" width=\"800\" height=\"600\" src=\"https:\/\/urban-diplomacy.de\/wp-content\/uploads\/2025\/07\/Besuch-bei-Verde-II.jpg\" class=\"attachment-large size-large wp-image-3530\" alt=\"\" srcset=\"https:\/\/urban-diplomacy.de\/wp-content\/uploads\/2025\/07\/Besuch-bei-Verde-II.jpg 800w, https:\/\/urban-diplomacy.de\/wp-content\/uploads\/2025\/07\/Besuch-bei-Verde-II-300x225.jpg 300w, https:\/\/urban-diplomacy.de\/wp-content\/uploads\/2025\/07\/Besuch-bei-Verde-II-768x576.jpg 768w, https:\/\/urban-diplomacy.de\/wp-content\/uploads\/2025\/07\/Besuch-bei-Verde-II-16x12.jpg 16w\" sizes=\"(max-width: 800px) 100vw, 800px\" \/>\t\t\t\t\t\t\t\t\t\t\t\t\t\t\t<\/div>\n\t\t\t\t<\/div>\n\t\t\t\t\t<\/div>\n\t\t<\/div>\n\t\t\t\t<div class=\"elementor-column elementor-col-50 elementor-top-column elementor-element elementor-element-9524f5c\" data-id=\"9524f5c\" data-element_type=\"column\" data-e-type=\"column\">\n\t\t\t<div class=\"elementor-widget-wrap elementor-element-populated\">\n\t\t\t\t\t\t<div class=\"elementor-element elementor-element-f09107c elementor-widget elementor-widget-text-editor\" data-id=\"f09107c\" data-element_type=\"widget\" data-e-type=\"widget\" data-widget_type=\"text-editor.default\">\n\t\t\t\t<div class=\"elementor-widget-container\">\n\t\t\t\t\t\t\t\t\t<p>Ein H\u00f6hepunkt war der Besuch des Stadtteils Cully, in dem die Non-Profit-Organisation\u00a0<strong>Verde<\/strong>\u00a0ihre langj\u00e4hrige Arbeit vorstellte. Cully gilt als benachteiligtes Viertel, das \u00fcber Jahrzehnte in stadtplanerischen Prozessen wenig Beachtung fand. Verde engagiert sich dort f\u00fcr soziale Gerechtigkeit und Infrastrukturma\u00dfnahmen \u2013 beispielsweise durch die Installation von Solaranlagen und den Aufbau des Cully Parks. Die D\u00fcsseldorfer Delegation hatte zudem die Gelegenheit, an einer Sitzung des lokalen Planungsausschusses teilzunehmen und Einblicke in die Entscheidungsprozesse vor Ort zu gewinnen.<\/p>\t\t\t\t\t\t\t\t<\/div>\n\t\t\t\t<\/div>\n\t\t\t\t\t<\/div>\n\t\t<\/div>\n\t\t\t\t\t<\/div>\n\t\t<\/section>\n\t\t\t\t<section class=\"elementor-section elementor-top-section elementor-element elementor-element-1581696 elementor-section-boxed elementor-section-height-default elementor-section-height-default\" data-id=\"1581696\" data-element_type=\"section\" data-e-type=\"section\">\n\t\t\t\t\t\t<div class=\"elementor-container elementor-column-gap-default\">\n\t\t\t\t\t<div class=\"elementor-column elementor-col-100 elementor-top-column elementor-element elementor-element-2ea730e\" data-id=\"2ea730e\" data-element_type=\"column\" data-e-type=\"column\">\n\t\t\t<div class=\"elementor-widget-wrap elementor-element-populated\">\n\t\t\t\t\t\t<div class=\"elementor-element elementor-element-1f2c986 elementor-widget elementor-widget-text-editor\" data-id=\"1f2c986\" data-element_type=\"widget\" data-e-type=\"widget\" data-widget_type=\"text-editor.default\">\n\t\t\t\t<div class=\"elementor-widget-container\">\n\t\t\t\t\t\t\t\t\t<p><strong>Abschlussworkshop am 11. April 2025<\/strong><\/p><p>Den Abschluss bildete ein gemeinsamer Workshop, der vom Planungsamt Portland vorbereitet wurde. Hier standen insbesondere die Unterschiede \u2013 aber auch \u00fcberraschende Gemeinsamkeiten \u2013 zwischen den deutschen und amerikanischen Planungssystemen im Fokus.<\/p><p><strong>Fazit<\/strong><\/p><p>Der Austausch war f\u00fcr alle Teilnehmenden eine bereichernde Erfahrung. Besonders der Blick \u00fcber den Tellerrand hinaus \u2013 auf andere Planungsans\u00e4tze, Verwaltungsstrukturen und Herangehensweisen an gemeinsame Herausforderungen \u2013 machte den Urban Diplomacy Exchange wertvoll. Neben den fachlichen Einblicken trugen auch die pers\u00f6nlichen Begegnungen mit den Kolleg*innen aus Portland ma\u00dfgeblich zur Intensivierung der transatlantischen Zusammenarbeit bei.<\/p>\t\t\t\t\t\t\t\t<\/div>\n\t\t\t\t<\/div>\n\t\t\t\t\t<\/div>\n\t\t<\/div>\n\t\t\t\t\t<\/div>\n\t\t<\/section>\n\t\t\t\t<\/div>\n\t\t","protected":false},"excerpt":{"rendered":"<p>D\u00fcsseldorf- Portland Urban Diplomacy Exchange D\u00fcsseldorf- Portland 7. bis\u00a0 11. April 2025 Vom 6. bis 11. April 2025 fand ein Fachaustausch der Verwaltung zwischen der Landeshauptstadt D\u00fcsseldorf und der Stadt Portland (Oregon, USA) im Rahmen des Urban Diplomacy Exchange Programms statt. Drei Vertreterinnen der D\u00fcsseldorfer Stadtverwaltung, unter anderem aus dem Stadtplanungsamt, reisten in die USA, [&hellip;]<\/p>\n","protected":false},"author":5,"featured_media":0,"parent":294,"menu_order":0,"comment_status":"closed","ping_status":"closed","template":"","meta":{"footnotes":""},"class_list":["post-3614","page","type-page","status-publish","hentry"],"_links":{"self":[{"href":"https:\/\/urban-diplomacy.de\/en\/wp-json\/wp\/v2\/pages\/3614","targetHints":{"allow":["GET"]}}],"collection":[{"href":"https:\/\/urban-diplomacy.de\/en\/wp-json\/wp\/v2\/pages"}],"about":[{"href":"https:\/\/urban-diplomacy.de\/en\/wp-json\/wp\/v2\/types\/page"}],"author":[{"embeddable":true,"href":"https:\/\/urban-diplomacy.de\/en\/wp-json\/wp\/v2\/users\/5"}],"replies":[{"embeddable":true,"href":"https:\/\/urban-diplomacy.de\/en\/wp-json\/wp\/v2\/comments?post=3614"}],"version-history":[{"count":19,"href":"https:\/\/urban-diplomacy.de\/en\/wp-json\/wp\/v2\/pages\/3614\/revisions"}],"predecessor-version":[{"id":3636,"href":"https:\/\/urban-diplomacy.de\/en\/wp-json\/wp\/v2\/pages\/3614\/revisions\/3636"}],"up":[{"embeddable":true,"href":"https:\/\/urban-diplomacy.de\/en\/wp-json\/wp\/v2\/pages\/294"}],"wp:attachment":[{"href":"https:\/\/urban-diplomacy.de\/en\/wp-json\/wp\/v2\/media?parent=3614"}],"curies":[{"name":"wp","href":"https:\/\/api.w.org\/{rel}","templated":true}]}}