{"id":3463,"date":"2025-06-27T10:52:46","date_gmt":"2025-06-27T08:52:46","guid":{"rendered":"https:\/\/urban-diplomacy.de\/?page_id=3463"},"modified":"2025-07-24T11:31:53","modified_gmt":"2025-07-24T09:31:53","slug":"ude-ii-german-british-partnership-conference-28-29-november-2024-edinburgh-2","status":"publish","type":"page","link":"https:\/\/urban-diplomacy.de\/en\/de-usa\/ude-ii-deutsch-britische-partnerschaftskonferenz-28-29-november-2024-edinburgh-2\/","title":{"rendered":"Coburg-Toledo"},"content":{"rendered":"\t\t<div data-elementor-type=\"wp-page\" data-elementor-id=\"3463\" class=\"elementor elementor-3463\" data-elementor-settings=\"{&quot;ha_cmc_init_switcher&quot;:&quot;no&quot;}\" data-elementor-post-type=\"page\">\n\t\t\t\t\t\t<section data-ha-partstyle=\"custom\" data-ha-partcolor=\"\" data-ha-partopacity=\"\" data-ha-partdirection=\"bottom\" data-ha-partdata=\"{&quot;particles&quot;:{&quot;number&quot;:{&quot;value&quot;:29,&quot;density&quot;:{&quot;enable&quot;:true,&quot;value_area&quot;:946.9771699587272}},&quot;color&quot;:{&quot;value&quot;:&quot;#fc9c2c&quot;},&quot;shape&quot;:{&quot;type&quot;:&quot;circle&quot;,&quot;stroke&quot;:{&quot;width&quot;:0,&quot;color&quot;:&quot;#000000&quot;},&quot;polygon&quot;:{&quot;nb_sides&quot;:5},&quot;image&quot;:{&quot;src&quot;:&quot;img\\\/github.svg&quot;,&quot;width&quot;:100,&quot;height&quot;:100}},&quot;opacity&quot;:{&quot;value&quot;:0.5,&quot;random&quot;:false,&quot;anim&quot;:{&quot;enable&quot;:false,&quot;speed&quot;:1,&quot;opacity_min&quot;:0.1,&quot;sync&quot;:false}},&quot;size&quot;:{&quot;value&quot;:19.728691040806815,&quot;random&quot;:true,&quot;anim&quot;:{&quot;enable&quot;:false,&quot;speed&quot;:40,&quot;size_min&quot;:0.1,&quot;sync&quot;:false}},&quot;line_linked&quot;:{&quot;enable&quot;:true,&quot;distance&quot;:150,&quot;color&quot;:&quot;#fc9c2c&quot;,&quot;opacity&quot;:0.4,&quot;width&quot;:4.970577388683121},&quot;move&quot;:{&quot;enable&quot;:true,&quot;speed&quot;:0.9,&quot;direction&quot;:&quot;none&quot;,&quot;random&quot;:false,&quot;straight&quot;:false,&quot;out_mode&quot;:&quot;out&quot;,&quot;bounce&quot;:false,&quot;attract&quot;:{&quot;enable&quot;:false,&quot;rotateX&quot;:600,&quot;rotateY&quot;:1200}}},&quot;interactivity&quot;:{&quot;detect_on&quot;:&quot;canvas&quot;,&quot;events&quot;:{&quot;onhover&quot;:{&quot;enable&quot;:true,&quot;mode&quot;:&quot;grab&quot;},&quot;onclick&quot;:{&quot;enable&quot;:true,&quot;mode&quot;:&quot;push&quot;},&quot;resize&quot;:true},&quot;modes&quot;:{&quot;grab&quot;:{&quot;distance&quot;:400,&quot;line_linked&quot;:{&quot;opacity&quot;:1}},&quot;bubble&quot;:{&quot;distance&quot;:400,&quot;size&quot;:40,&quot;duration&quot;:2,&quot;opacity&quot;:8,&quot;speed&quot;:3},&quot;repulse&quot;:{&quot;distance&quot;:200,&quot;duration&quot;:0.4},&quot;push&quot;:{&quot;particles_nb&quot;:4},&quot;remove&quot;:{&quot;particles_nb&quot;:2}}},&quot;retina_detect&quot;:true}\" class=\"elementor-section elementor-top-section elementor-element elementor-element-ff2f184 elementor-section-height-min-height ha-particle-yes elementor-section-boxed elementor-section-height-default elementor-section-items-middle\" data-id=\"ff2f184\" data-element_type=\"section\" data-e-type=\"section\" data-settings=\"{&quot;background_background&quot;:&quot;gradient&quot;}\">\n\t\t\t\t\t\t<div class=\"elementor-container elementor-column-gap-default\">\n\t\t\t\t\t<div class=\"elementor-column elementor-col-100 elementor-top-column elementor-element elementor-element-5cfb099\" data-id=\"5cfb099\" data-element_type=\"column\" data-e-type=\"column\">\n\t\t\t<div class=\"elementor-widget-wrap elementor-element-populated\">\n\t\t\t\t\t\t<div class=\"elementor-element elementor-element-7da85fb elementor-invisible elementor-widget elementor-widget-heading\" data-id=\"7da85fb\" data-element_type=\"widget\" data-e-type=\"widget\" data-settings=\"{&quot;_animation&quot;:&quot;fadeInDown&quot;}\" data-widget_type=\"heading.default\">\n\t\t\t\t<div class=\"elementor-widget-container\">\n\t\t\t\t\t<h1 class=\"elementor-heading-title elementor-size-default\">Coburg - Toledo<br><br><\/h1>\t\t\t\t<\/div>\n\t\t\t\t<\/div>\n\t\t\t\t<div class=\"elementor-element elementor-element-389d4e3 elementor-widget__width-auto elementor-invisible elementor-widget elementor-widget-heading\" data-id=\"389d4e3\" data-element_type=\"widget\" data-e-type=\"widget\" data-settings=\"{&quot;_animation&quot;:&quot;fadeInLeft&quot;}\" data-widget_type=\"heading.default\">\n\t\t\t\t<div class=\"elementor-widget-container\">\n\t\t\t\t\t<h1 class=\"elementor-heading-title elementor-size-default\">Urban<\/h1>\t\t\t\t<\/div>\n\t\t\t\t<\/div>\n\t\t\t\t<div class=\"elementor-element elementor-element-ca21cb1 elementor-widget__width-auto elementor-invisible elementor-widget elementor-widget-heading\" data-id=\"ca21cb1\" data-element_type=\"widget\" data-e-type=\"widget\" data-settings=\"{&quot;_animation&quot;:&quot;fadeInLeft&quot;,&quot;_animation_delay&quot;:200}\" data-widget_type=\"heading.default\">\n\t\t\t\t<div class=\"elementor-widget-container\">\n\t\t\t\t\t<h1 class=\"elementor-heading-title elementor-size-default\">Diplomacy<\/h1>\t\t\t\t<\/div>\n\t\t\t\t<\/div>\n\t\t\t\t<div class=\"elementor-element elementor-element-1b2de5d elementor-widget__width-auto elementor-invisible elementor-widget elementor-widget-heading\" data-id=\"1b2de5d\" data-element_type=\"widget\" data-e-type=\"widget\" data-settings=\"{&quot;_animation&quot;:&quot;fadeInLeft&quot;}\" data-widget_type=\"heading.default\">\n\t\t\t\t<div class=\"elementor-widget-container\">\n\t\t\t\t\t<h1 class=\"elementor-heading-title elementor-size-default\">Exchange<\/h1>\t\t\t\t<\/div>\n\t\t\t\t<\/div>\n\t\t\t\t<div class=\"elementor-element elementor-element-dd75481 elementor-widget__width-auto elementor-absolute elementor-widget elementor-widget-image\" data-id=\"dd75481\" data-element_type=\"widget\" data-e-type=\"widget\" data-settings=\"{&quot;_position&quot;:&quot;absolute&quot;,&quot;motion_fx_motion_fx_scrolling&quot;:&quot;yes&quot;,&quot;motion_fx_rotateZ_effect&quot;:&quot;yes&quot;,&quot;motion_fx_rotateZ_speed&quot;:{&quot;unit&quot;:&quot;px&quot;,&quot;size&quot;:1,&quot;sizes&quot;:[]},&quot;motion_fx_rotateZ_affectedRange&quot;:{&quot;unit&quot;:&quot;%&quot;,&quot;size&quot;:&quot;&quot;,&quot;sizes&quot;:{&quot;start&quot;:0,&quot;end&quot;:100}},&quot;motion_fx_devices&quot;:[&quot;desktop&quot;,&quot;tablet&quot;,&quot;mobile&quot;]}\" data-widget_type=\"image.default\">\n\t\t\t\t<div class=\"elementor-widget-container\">\n\t\t\t\t\t\t\t\t\t\t\t\t\t\t\t<img fetchpriority=\"high\" decoding=\"async\" width=\"555\" height=\"544\" src=\"https:\/\/urban-diplomacy.de\/wp-content\/uploads\/2022\/07\/Urban-Bildlogo.png\" class=\"attachment-large size-large wp-image-115\" alt=\"\" srcset=\"https:\/\/urban-diplomacy.de\/wp-content\/uploads\/2022\/07\/Urban-Bildlogo.png 555w, https:\/\/urban-diplomacy.de\/wp-content\/uploads\/2022\/07\/Urban-Bildlogo-300x294.png 300w\" sizes=\"(max-width: 555px) 100vw, 555px\" \/>\t\t\t\t\t\t\t\t\t\t\t\t\t\t\t<\/div>\n\t\t\t\t<\/div>\n\t\t\t\t\t<\/div>\n\t\t<\/div>\n\t\t\t\t\t<\/div>\n\t\t<\/section>\n\t\t\t\t<section class=\"elementor-section elementor-top-section elementor-element elementor-element-ce4748f elementor-section-boxed elementor-section-height-default elementor-section-height-default\" data-id=\"ce4748f\" data-element_type=\"section\" data-e-type=\"section\">\n\t\t\t\t\t\t<div class=\"elementor-container elementor-column-gap-default\">\n\t\t\t\t\t<div class=\"elementor-column elementor-col-100 elementor-top-column elementor-element elementor-element-1069c0c\" data-id=\"1069c0c\" data-element_type=\"column\" data-e-type=\"column\">\n\t\t\t<div class=\"elementor-widget-wrap elementor-element-populated\">\n\t\t\t\t\t\t<div class=\"elementor-element elementor-element-87ff6a1 elementor-widget elementor-widget-heading\" data-id=\"87ff6a1\" data-element_type=\"widget\" data-e-type=\"widget\" data-widget_type=\"heading.default\">\n\t\t\t\t<div class=\"elementor-widget-container\">\n\t\t\t\t\t<h1 class=\"elementor-heading-title elementor-size-default\">Coburg - Toledo<\/h1>\t\t\t\t<\/div>\n\t\t\t\t<\/div>\n\t\t\t\t\t<\/div>\n\t\t<\/div>\n\t\t\t\t\t<\/div>\n\t\t<\/section>\n\t\t\t\t<section class=\"elementor-section elementor-top-section elementor-element elementor-element-143ed5f elementor-section-boxed elementor-section-height-default elementor-section-height-default\" data-id=\"143ed5f\" data-element_type=\"section\" data-e-type=\"section\">\n\t\t\t\t\t\t<div class=\"elementor-container elementor-column-gap-default\">\n\t\t\t\t\t<div class=\"elementor-column elementor-col-100 elementor-top-column elementor-element elementor-element-4a71716\" data-id=\"4a71716\" data-element_type=\"column\" data-e-type=\"column\">\n\t\t\t<div class=\"elementor-widget-wrap elementor-element-populated\">\n\t\t\t\t\t\t<div class=\"elementor-element elementor-element-45a3433 elementor-widget elementor-widget-text-editor\" data-id=\"45a3433\" data-element_type=\"widget\" data-e-type=\"widget\" data-widget_type=\"text-editor.default\">\n\t\t\t\t<div class=\"elementor-widget-container\">\n\t\t\t\t\t\t\t\t\t<div id=\"c14869\" class=\"0 frame frame-default csc-frame-default frame-type-cqlinklistnews_pi1 frame-layout-0\"><h2>Partnerschaft mit Toledo<\/h2><p>Ende April f\u00fchrte die erst 2019 gegr\u00fcndete St\u00e4dtepartnerschaft Coburg-Toledo durch Urban Diplomacy Exchange eine Fachaustauschreise mit vielf\u00e4ltigem fachlichem Programm und unter straffem Zeitplan durch. Die Verbindung der j\u00fcngsten St\u00e4dtepartnerschaft Coburgs entstand vor allem aufgrund pers\u00f6nlicher Kontakte, aber auch vieler Gemeinsamkeiten trotz des Gr\u00f6\u00dfenunterschieds (Coburg ~42.000 Einwohner, Toledo ~265.000 Einwohner). Die weltweite Pandemie erschwerte den Start dieser St\u00e4dtepartnerschaft, doch der Wille und das Engagement diese mit Leben zu f\u00fcllen war auf beiden Seiten sehr gro\u00df.<\/p><h3>Gemeinsame Projekte und gewachsene Beziehungen<\/h3><p>2023 gab es wechselseitige Besuche, unter anderem einen offiziellen Besuch des B\u00fcrgermeisters von Toledo in Coburg, bei dem die Partnerschaft auch auf deutschem Boden noch einmal besiegelt wurde. Ein erstes gemeinsames Projekt war 2024 und 2025 ein Sch\u00fcleraustausch zwischen einer Coburger Berufsschule sowie der Toledo Technical Academy.<\/p><h3>Fachaustauschreise als Br\u00fccke der Verst\u00e4ndigung<\/h3><p>Die von UDE gef\u00f6rderte Fachaustauschreise trug in unsicheren Zeiten dazu bei, die Partnerschaft weiter zu festigen. Ende April waren Kirsten K\u00f6hn (Stabstelle Nachhaltigkeit und Klimaschutz), Eva Kollmann (B\u00fcro des Oberb\u00fcrgermeisters) sowie der Coburger Stadtrat J\u00fcrgen Heeb nach Toledo gereist, um sich mit unterschiedlichen Personen und Gruppen Toledos Stadtgesellschaft zu verschiedenen Bereichen der Nachhaltigkeit auszutauschen. \u00a0<\/p><h3>Pers\u00f6nliche Begegnungen mit Wirkung<\/h3><p>Besonders wertvoll waren dabei die pers\u00f6nlichen Begegnungen: Kontakte zu den verschiedenen Mitarbeitenden der Stadtverwaltung in Toledo, aber auch zu B\u00fcrgermeister Wade Kapszukiewicz sowie Stadtr\u00e4ten, besonders Nick Komives, konnten gekn\u00fcpft und vertieft werden. In mehreren Gespr\u00e4chen wuchs das gegenseitige Interesse an den jeweiligen Arbeitsfeldern, sodass die Kolleginnen und Kollegen Folgetermine f\u00fcr digitale Gespr\u00e4che vereinbarten, um den fachlichen Austausch fortzusetzen. Auch die Treffen mit Paul Zito von Regional Growth Partnership sowie Bob Clark Phelps und Kollegen von Citizen Climate waren eine Bereicherung f\u00fcr das Verst\u00e4ndnis, aber auch m\u00f6gliche Kooperationen.<\/p><\/div><h3>Einblicke in nachhaltige Stadtentwicklung<\/h3><p>Sehr spannend war f\u00fcr die G\u00e4ste aus Coburg auch die verschiedenen Exkursionen, die die Stadt Toledo sowie die Pr\u00e4sidentin St\u00e4dtepartnerschaft Roseanne Martinez organisiert haben. Der Besuch des Unternehmens First Solar gab spannende Einblicke hinter die Kulissen des einzigen Herstellers f\u00fcr Solarpanele ohne chinesische Beteiligung. Ein Besuch des Kl\u00e4rwerks sowie des Howard Marsh Metro Parks zeigten die erfolgreichen Bem\u00fchungen der Stadt Toledo, um eine gute Wasserqualit\u00e4t des Maumee River sowie des Erie Sees sicherzustellen.<\/p><p><img decoding=\"async\" class=\"alignnone size-medium wp-image-3466\" style=\"font-size: 16px;\" src=\"https:\/\/urban-diplomacy.de\/wp-content\/uploads\/2025\/06\/WhatsApp-Image-2025-06-18-at-18.40.35-300x225.jpeg\" alt=\"\" width=\"300\" height=\"225\" srcset=\"https:\/\/urban-diplomacy.de\/wp-content\/uploads\/2025\/06\/WhatsApp-Image-2025-06-18-at-18.40.35-300x225.jpeg 300w, https:\/\/urban-diplomacy.de\/wp-content\/uploads\/2025\/06\/WhatsApp-Image-2025-06-18-at-18.40.35-1024x768.jpeg 1024w, https:\/\/urban-diplomacy.de\/wp-content\/uploads\/2025\/06\/WhatsApp-Image-2025-06-18-at-18.40.35-768x576.jpeg 768w, https:\/\/urban-diplomacy.de\/wp-content\/uploads\/2025\/06\/WhatsApp-Image-2025-06-18-at-18.40.35-1536x1152.jpeg 1536w, https:\/\/urban-diplomacy.de\/wp-content\/uploads\/2025\/06\/WhatsApp-Image-2025-06-18-at-18.40.35-2048x1536.jpeg 2048w, https:\/\/urban-diplomacy.de\/wp-content\/uploads\/2025\/06\/WhatsApp-Image-2025-06-18-at-18.40.35-16x12.jpeg 16w\" sizes=\"(max-width: 300px) 100vw, 300px\" \/> <img decoding=\"async\" class=\"alignnone size-medium wp-image-3464\" src=\"https:\/\/urban-diplomacy.de\/wp-content\/uploads\/2025\/06\/WhatsApp-Image-2025-06-18-at-18.39.43-300x225.jpeg\" alt=\"\" width=\"300\" height=\"225\" srcset=\"https:\/\/urban-diplomacy.de\/wp-content\/uploads\/2025\/06\/WhatsApp-Image-2025-06-18-at-18.39.43-300x225.jpeg 300w, https:\/\/urban-diplomacy.de\/wp-content\/uploads\/2025\/06\/WhatsApp-Image-2025-06-18-at-18.39.43-1024x768.jpeg 1024w, https:\/\/urban-diplomacy.de\/wp-content\/uploads\/2025\/06\/WhatsApp-Image-2025-06-18-at-18.39.43-768x576.jpeg 768w, https:\/\/urban-diplomacy.de\/wp-content\/uploads\/2025\/06\/WhatsApp-Image-2025-06-18-at-18.39.43-1536x1152.jpeg 1536w, https:\/\/urban-diplomacy.de\/wp-content\/uploads\/2025\/06\/WhatsApp-Image-2025-06-18-at-18.39.43-2048x1536.jpeg 2048w, https:\/\/urban-diplomacy.de\/wp-content\/uploads\/2025\/06\/WhatsApp-Image-2025-06-18-at-18.39.43-16x12.jpeg 16w\" sizes=\"(max-width: 300px) 100vw, 300px\" \/> <img loading=\"lazy\" decoding=\"async\" class=\"alignnone size-medium wp-image-3465\" style=\"font-size: 16px;\" src=\"https:\/\/urban-diplomacy.de\/wp-content\/uploads\/2025\/06\/WhatsApp-Image-2025-06-18-at-18.40.15-300x225.jpeg\" alt=\"\" width=\"300\" height=\"225\" srcset=\"https:\/\/urban-diplomacy.de\/wp-content\/uploads\/2025\/06\/WhatsApp-Image-2025-06-18-at-18.40.15-300x225.jpeg 300w, https:\/\/urban-diplomacy.de\/wp-content\/uploads\/2025\/06\/WhatsApp-Image-2025-06-18-at-18.40.15-1024x768.jpeg 1024w, https:\/\/urban-diplomacy.de\/wp-content\/uploads\/2025\/06\/WhatsApp-Image-2025-06-18-at-18.40.15-768x576.jpeg 768w, https:\/\/urban-diplomacy.de\/wp-content\/uploads\/2025\/06\/WhatsApp-Image-2025-06-18-at-18.40.15-1536x1152.jpeg 1536w, https:\/\/urban-diplomacy.de\/wp-content\/uploads\/2025\/06\/WhatsApp-Image-2025-06-18-at-18.40.15-2048x1536.jpeg 2048w, https:\/\/urban-diplomacy.de\/wp-content\/uploads\/2025\/06\/WhatsApp-Image-2025-06-18-at-18.40.15-16x12.jpeg 16w\" sizes=\"(max-width: 300px) 100vw, 300px\" \/><span style=\"font-size: 16px;\"> <br \/>Fotos: Stadt Coburg<\/span><\/p><p>Besonders faszinierend war auch der Blick hinter die Kulissen des Toledo Art Museum und des angeschlossenen Konzertsaals sowie die Bem\u00fchungen des Museums mit einem beeindruckenden Team die Nachhaltigkeit des Museums in vielen Bereichen zu verbessern.<\/p><p>Der Besuch des Padua Centers sowie der Austausch mit Sister Ginny Welsh und den dort betreuten Kindern beeindruckte vor dem Hintergrund der sozialen Nachhaltigkeit: Es braucht engagierte B\u00fcrger, die sich k\u00fcmmern: Egal, ob um benachteiligte Menschen oder um unsere Umwelt. Dass es davon in Toledo so viele gibt, war f\u00fcr uns Coburger*innen beeindruckend.<\/p><h3>Miteinander auf Augenh\u00f6he \u2013 auch abseits des Programms<\/h3><p>Besonders nachhaltig in Erinnerung bleiben wird f\u00fcr alle Beteiligten aber sicherlich vor allem das gro\u00dfe Engagement f\u00fcr die gemeinsame St\u00e4dtepartnerschaft und das menschliche Miteinander, das \u00fcber die fachlichen Treffen hinaus die Reise bereichert hat: Sei es bei Getr\u00e4nk zum Ausklang des, bei einem gemeinsamen Kochkurs \u201efr\u00e4nkische Desserts\u201c oder beim Potluck-Dinner zum Abschied.<\/p><h3>Nachhaltiger Austausch \u2013 auch digital<\/h3><p>Kurz nach der Reise fand bereits ein erstes digitales Nachtreffen in Form eines Zoom-Meetings mit den beteiligten Verwaltungen statt. Ziel war es, den fachlichen Austausch fortzuf\u00fchren und die w\u00e4hrend der Reise gekn\u00fcpften Kontakte nachhaltig zu st\u00e4rken.<\/p>\t\t\t\t\t\t\t\t<\/div>\n\t\t\t\t<\/div>\n\t\t\t\t\t<\/div>\n\t\t<\/div>\n\t\t\t\t\t<\/div>\n\t\t<\/section>\n\t\t\t\t<\/div>\n\t\t","protected":false},"excerpt":{"rendered":"<p>Coburg &#8211; Toledo Urban Diplomacy Exchange Coburg &#8211; Toledo Partnerschaft mit Toledo Ende April f\u00fchrte die erst 2019 gegr\u00fcndete St\u00e4dtepartnerschaft Coburg-Toledo durch Urban Diplomacy Exchange eine Fachaustauschreise mit vielf\u00e4ltigem fachlichem Programm und unter straffem Zeitplan durch. Die Verbindung der j\u00fcngsten St\u00e4dtepartnerschaft Coburgs entstand vor allem aufgrund pers\u00f6nlicher Kontakte, aber auch vieler Gemeinsamkeiten trotz des Gr\u00f6\u00dfenunterschieds [&hellip;]<\/p>\n","protected":false},"author":1,"featured_media":0,"parent":294,"menu_order":0,"comment_status":"closed","ping_status":"closed","template":"","meta":{"footnotes":""},"class_list":["post-3463","page","type-page","status-publish","hentry"],"_links":{"self":[{"href":"https:\/\/urban-diplomacy.de\/en\/wp-json\/wp\/v2\/pages\/3463","targetHints":{"allow":["GET"]}}],"collection":[{"href":"https:\/\/urban-diplomacy.de\/en\/wp-json\/wp\/v2\/pages"}],"about":[{"href":"https:\/\/urban-diplomacy.de\/en\/wp-json\/wp\/v2\/types\/page"}],"author":[{"embeddable":true,"href":"https:\/\/urban-diplomacy.de\/en\/wp-json\/wp\/v2\/users\/1"}],"replies":[{"embeddable":true,"href":"https:\/\/urban-diplomacy.de\/en\/wp-json\/wp\/v2\/comments?post=3463"}],"version-history":[{"count":28,"href":"https:\/\/urban-diplomacy.de\/en\/wp-json\/wp\/v2\/pages\/3463\/revisions"}],"predecessor-version":[{"id":3593,"href":"https:\/\/urban-diplomacy.de\/en\/wp-json\/wp\/v2\/pages\/3463\/revisions\/3593"}],"up":[{"embeddable":true,"href":"https:\/\/urban-diplomacy.de\/en\/wp-json\/wp\/v2\/pages\/294"}],"wp:attachment":[{"href":"https:\/\/urban-diplomacy.de\/en\/wp-json\/wp\/v2\/media?parent=3463"}],"curies":[{"name":"wp","href":"https:\/\/api.w.org\/{rel}","templated":true}]}}