{"id":292,"date":"2022-08-08T08:25:56","date_gmt":"2022-08-08T08:25:56","guid":{"rendered":"https:\/\/urban-diplomacy.de\/?page_id=292"},"modified":"2025-07-21T14:03:34","modified_gmt":"2025-07-21T12:03:34","slug":"duisburg-fort-lauderdale","status":"publish","type":"page","link":"https:\/\/urban-diplomacy.de\/en\/de-usa\/duisburg-fort-lauderdale\/","title":{"rendered":"Duisburg-Fort Lauderdale"},"content":{"rendered":"\t\t<div data-elementor-type=\"wp-page\" data-elementor-id=\"292\" class=\"elementor elementor-292\" data-elementor-settings=\"{&quot;ha_cmc_init_switcher&quot;:&quot;no&quot;}\" data-elementor-post-type=\"page\">\n\t\t\t\t\t\t<section data-ha-partstyle=\"custom\" data-ha-partcolor=\"\" data-ha-partopacity=\"\" data-ha-partdirection=\"bottom\" data-ha-partdata=\"{&quot;particles&quot;:{&quot;number&quot;:{&quot;value&quot;:29,&quot;density&quot;:{&quot;enable&quot;:true,&quot;value_area&quot;:946.9771699587272}},&quot;color&quot;:{&quot;value&quot;:&quot;#fc9c2c&quot;},&quot;shape&quot;:{&quot;type&quot;:&quot;circle&quot;,&quot;stroke&quot;:{&quot;width&quot;:0,&quot;color&quot;:&quot;#000000&quot;},&quot;polygon&quot;:{&quot;nb_sides&quot;:5},&quot;image&quot;:{&quot;src&quot;:&quot;img\\\/github.svg&quot;,&quot;width&quot;:100,&quot;height&quot;:100}},&quot;opacity&quot;:{&quot;value&quot;:0.5,&quot;random&quot;:false,&quot;anim&quot;:{&quot;enable&quot;:false,&quot;speed&quot;:1,&quot;opacity_min&quot;:0.1,&quot;sync&quot;:false}},&quot;size&quot;:{&quot;value&quot;:19.728691040806815,&quot;random&quot;:true,&quot;anim&quot;:{&quot;enable&quot;:false,&quot;speed&quot;:40,&quot;size_min&quot;:0.1,&quot;sync&quot;:false}},&quot;line_linked&quot;:{&quot;enable&quot;:true,&quot;distance&quot;:150,&quot;color&quot;:&quot;#fc9c2c&quot;,&quot;opacity&quot;:0.4,&quot;width&quot;:4.970577388683121},&quot;move&quot;:{&quot;enable&quot;:true,&quot;speed&quot;:0.9,&quot;direction&quot;:&quot;none&quot;,&quot;random&quot;:false,&quot;straight&quot;:false,&quot;out_mode&quot;:&quot;out&quot;,&quot;bounce&quot;:false,&quot;attract&quot;:{&quot;enable&quot;:false,&quot;rotateX&quot;:600,&quot;rotateY&quot;:1200}}},&quot;interactivity&quot;:{&quot;detect_on&quot;:&quot;canvas&quot;,&quot;events&quot;:{&quot;onhover&quot;:{&quot;enable&quot;:true,&quot;mode&quot;:&quot;grab&quot;},&quot;onclick&quot;:{&quot;enable&quot;:true,&quot;mode&quot;:&quot;push&quot;},&quot;resize&quot;:true},&quot;modes&quot;:{&quot;grab&quot;:{&quot;distance&quot;:400,&quot;line_linked&quot;:{&quot;opacity&quot;:1}},&quot;bubble&quot;:{&quot;distance&quot;:400,&quot;size&quot;:40,&quot;duration&quot;:2,&quot;opacity&quot;:8,&quot;speed&quot;:3},&quot;repulse&quot;:{&quot;distance&quot;:200,&quot;duration&quot;:0.4},&quot;push&quot;:{&quot;particles_nb&quot;:4},&quot;remove&quot;:{&quot;particles_nb&quot;:2}}},&quot;retina_detect&quot;:true}\" class=\"elementor-section elementor-top-section elementor-element elementor-element-ff2f184 elementor-section-height-min-height ha-particle-yes elementor-section-boxed elementor-section-height-default elementor-section-items-middle\" data-id=\"ff2f184\" data-element_type=\"section\" data-e-type=\"section\" data-settings=\"{&quot;background_background&quot;:&quot;gradient&quot;}\">\n\t\t\t\t\t\t<div class=\"elementor-container elementor-column-gap-default\">\n\t\t\t\t\t<div class=\"elementor-column elementor-col-100 elementor-top-column elementor-element elementor-element-5cfb099\" data-id=\"5cfb099\" data-element_type=\"column\" data-e-type=\"column\">\n\t\t\t<div class=\"elementor-widget-wrap elementor-element-populated\">\n\t\t\t\t\t\t<div class=\"elementor-element elementor-element-7da85fb elementor-invisible elementor-widget elementor-widget-heading\" data-id=\"7da85fb\" data-element_type=\"widget\" data-e-type=\"widget\" data-settings=\"{&quot;_animation&quot;:&quot;fadeInDown&quot;}\" data-widget_type=\"heading.default\">\n\t\t\t\t<div class=\"elementor-widget-container\">\n\t\t\t\t\t<h1 class=\"elementor-heading-title elementor-size-default\">Duisburg - Fort Lauderdale<\/h1>\t\t\t\t<\/div>\n\t\t\t\t<\/div>\n\t\t\t\t<div class=\"elementor-element elementor-element-389d4e3 elementor-widget__width-auto elementor-invisible elementor-widget elementor-widget-heading\" data-id=\"389d4e3\" data-element_type=\"widget\" data-e-type=\"widget\" data-settings=\"{&quot;_animation&quot;:&quot;fadeInLeft&quot;}\" data-widget_type=\"heading.default\">\n\t\t\t\t<div class=\"elementor-widget-container\">\n\t\t\t\t\t<h1 class=\"elementor-heading-title elementor-size-default\">Urban<\/h1>\t\t\t\t<\/div>\n\t\t\t\t<\/div>\n\t\t\t\t<div class=\"elementor-element elementor-element-ca21cb1 elementor-widget__width-auto elementor-invisible elementor-widget elementor-widget-heading\" data-id=\"ca21cb1\" data-element_type=\"widget\" data-e-type=\"widget\" data-settings=\"{&quot;_animation&quot;:&quot;fadeInLeft&quot;,&quot;_animation_delay&quot;:200}\" data-widget_type=\"heading.default\">\n\t\t\t\t<div class=\"elementor-widget-container\">\n\t\t\t\t\t<h1 class=\"elementor-heading-title elementor-size-default\">Diplomacy<\/h1>\t\t\t\t<\/div>\n\t\t\t\t<\/div>\n\t\t\t\t<div class=\"elementor-element elementor-element-1b2de5d elementor-widget__width-auto elementor-invisible elementor-widget elementor-widget-heading\" data-id=\"1b2de5d\" data-element_type=\"widget\" data-e-type=\"widget\" data-settings=\"{&quot;_animation&quot;:&quot;fadeInLeft&quot;}\" data-widget_type=\"heading.default\">\n\t\t\t\t<div class=\"elementor-widget-container\">\n\t\t\t\t\t<h1 class=\"elementor-heading-title elementor-size-default\">Exchange<\/h1>\t\t\t\t<\/div>\n\t\t\t\t<\/div>\n\t\t\t\t<div class=\"elementor-element elementor-element-dd75481 elementor-widget__width-auto elementor-absolute elementor-widget elementor-widget-image\" data-id=\"dd75481\" data-element_type=\"widget\" data-e-type=\"widget\" data-settings=\"{&quot;_position&quot;:&quot;absolute&quot;,&quot;motion_fx_motion_fx_scrolling&quot;:&quot;yes&quot;,&quot;motion_fx_rotateZ_effect&quot;:&quot;yes&quot;,&quot;motion_fx_rotateZ_speed&quot;:{&quot;unit&quot;:&quot;px&quot;,&quot;size&quot;:1,&quot;sizes&quot;:[]},&quot;motion_fx_rotateZ_affectedRange&quot;:{&quot;unit&quot;:&quot;%&quot;,&quot;size&quot;:&quot;&quot;,&quot;sizes&quot;:{&quot;start&quot;:0,&quot;end&quot;:100}},&quot;motion_fx_devices&quot;:[&quot;desktop&quot;,&quot;tablet&quot;,&quot;mobile&quot;]}\" data-widget_type=\"image.default\">\n\t\t\t\t<div class=\"elementor-widget-container\">\n\t\t\t\t\t\t\t\t\t\t\t\t\t\t\t<img fetchpriority=\"high\" decoding=\"async\" width=\"555\" height=\"544\" src=\"https:\/\/urban-diplomacy.de\/wp-content\/uploads\/2022\/07\/Urban-Bildlogo.png\" class=\"attachment-large size-large wp-image-115\" alt=\"\" srcset=\"https:\/\/urban-diplomacy.de\/wp-content\/uploads\/2022\/07\/Urban-Bildlogo.png 555w, https:\/\/urban-diplomacy.de\/wp-content\/uploads\/2022\/07\/Urban-Bildlogo-300x294.png 300w\" sizes=\"(max-width: 555px) 100vw, 555px\" \/>\t\t\t\t\t\t\t\t\t\t\t\t\t\t\t<\/div>\n\t\t\t\t<\/div>\n\t\t\t\t\t<\/div>\n\t\t<\/div>\n\t\t\t\t\t<\/div>\n\t\t<\/section>\n\t\t\t\t<section class=\"elementor-section elementor-top-section elementor-element elementor-element-ce4748f elementor-section-boxed elementor-section-height-default elementor-section-height-default\" data-id=\"ce4748f\" data-element_type=\"section\" data-e-type=\"section\">\n\t\t\t\t\t\t<div class=\"elementor-container elementor-column-gap-default\">\n\t\t\t\t\t<div class=\"elementor-column elementor-col-100 elementor-top-column elementor-element elementor-element-1069c0c\" data-id=\"1069c0c\" data-element_type=\"column\" data-e-type=\"column\">\n\t\t\t<div class=\"elementor-widget-wrap elementor-element-populated\">\n\t\t\t\t\t\t<div class=\"elementor-element elementor-element-87ff6a1 elementor-widget elementor-widget-heading\" data-id=\"87ff6a1\" data-element_type=\"widget\" data-e-type=\"widget\" data-widget_type=\"heading.default\">\n\t\t\t\t<div class=\"elementor-widget-container\">\n\t\t\t\t\t<h1 class=\"elementor-heading-title elementor-size-default\">Duisburg - Fort Lauderdale<\/h1>\t\t\t\t<\/div>\n\t\t\t\t<\/div>\n\t\t\t\t<div class=\"elementor-element elementor-element-45a3433 elementor-widget elementor-widget-text-editor\" data-id=\"45a3433\" data-element_type=\"widget\" data-e-type=\"widget\" data-widget_type=\"text-editor.default\">\n\t\t\t\t<div class=\"elementor-widget-container\">\n\t\t\t\t\t\t\t\t\t<p>\u201eKommunale Au\u00dfenpolitik\u201c wird von Duisburg schon seit Jahrzehnten als alternative\nAu\u00dfenpolitik der Kommunen gelebt. Hierzu sagte der langj\u00e4hrige Oberb\u00fcrgermeister und\nDuisburger Ehrenb\u00fcrger Josef Krings:<\/p>\n<p>\u201eDie Feststellung, dass man sich im Schnittpunkt wichtiger Entwicklungs- und Verkehrsachsen befindet, macht alleine noch keine kommunale Au\u00dfenpolitik aus. Sie macht sie erst erforderlich. Die Stadt muss lernen, auf diesen Handlungsebenen zu agieren. Ihre Partner, die Unternehmen und Verb\u00e4nde, f\u00fchlen sich hier schon heimisch. Strukturwandel und Internationalit\u00e4t geh\u00f6ren zusammen. &#8230; Stadtpolitik in unserer Zeit muss sich zu den internationalen Verflechtungen von Wirtschaft, Kultur und Sozialleben bekennen. Duisburg braucht eine kommunale Au\u00dfenpolitik.\u201c (Duisburg International, Stadt Duisburg, 1995)<\/p>\t\t\t\t\t\t\t\t<\/div>\n\t\t\t\t<\/div>\n\t\t\t\t\t<\/div>\n\t\t<\/div>\n\t\t\t\t\t<\/div>\n\t\t<\/section>\n\t\t\t\t<section class=\"elementor-section elementor-top-section elementor-element elementor-element-45f4581 elementor-section-boxed elementor-section-height-default elementor-section-height-default\" data-id=\"45f4581\" data-element_type=\"section\" data-e-type=\"section\">\n\t\t\t\t\t\t<div class=\"elementor-container elementor-column-gap-default\">\n\t\t\t\t\t<div class=\"elementor-column elementor-col-50 elementor-top-column elementor-element elementor-element-36c1b1a\" data-id=\"36c1b1a\" data-element_type=\"column\" data-e-type=\"column\">\n\t\t\t<div class=\"elementor-widget-wrap elementor-element-populated\">\n\t\t\t\t\t\t<div class=\"elementor-element elementor-element-4cd7bf9 elementor-widget elementor-widget-text-editor\" data-id=\"4cd7bf9\" data-element_type=\"widget\" data-e-type=\"widget\" data-widget_type=\"text-editor.default\">\n\t\t\t\t<div class=\"elementor-widget-container\">\n\t\t\t\t\t\t\t\t\t<p><strong>Die Idee der St\u00e4dtepartnerschaften entstand nach dem Zweiten Weltkrieg, als die<\/strong><br \/><strong>ehemaligen Kriegsgegner das Ziel verfolgten, sich einander anzun\u00e4hern. Sie<\/strong><br \/><strong>werden von einem starken Wunsch nach Vers\u00f6hnung, Auss\u00f6hnung und dem<\/strong><br \/><strong>\u201eWiederaufbau des Friedens\u201c getragen.<\/strong><\/p><p>Heute &#8211; mehr als 60 Jahre sp\u00e4ter &#8211; sind die Ziele der St\u00e4dtepartnerschaften weit umfangreicher.<\/p><p>Die Verbindungen nach <strong>Fort Lauderdale<\/strong> leben vom b\u00fcrgerschaftlichen Engagement. Der deutsch-amerikanische Freundeskreis Niederrhein e.V. bringt j\u00e4hrlich Studierende aus den USA in die Region und umgekehrt. Ein reger Austausch mit lange anhaltenden Freundschaften ist das erfolgreiche Resultat dieser Verbindung.\u00a0<\/p>\t\t\t\t\t\t\t\t<\/div>\n\t\t\t\t<\/div>\n\t\t\t\t\t<\/div>\n\t\t<\/div>\n\t\t\t\t<div class=\"elementor-column elementor-col-50 elementor-top-column elementor-element elementor-element-f76992c\" data-id=\"f76992c\" data-element_type=\"column\" data-e-type=\"column\">\n\t\t\t<div class=\"elementor-widget-wrap elementor-element-populated\">\n\t\t\t\t\t\t<div class=\"elementor-element elementor-element-4f02920 elementor-widget elementor-widget-image\" data-id=\"4f02920\" data-element_type=\"widget\" data-e-type=\"widget\" data-widget_type=\"image.default\">\n\t\t\t\t<div class=\"elementor-widget-container\">\n\t\t\t\t\t\t\t\t\t\t\t\t\t\t\t<img decoding=\"async\" width=\"500\" height=\"300\" src=\"https:\/\/urban-diplomacy.de\/wp-content\/uploads\/2022\/08\/500px-Flagge_der_Stadt_Duisburg_mit_Wappen.svg.png\" class=\"attachment-large size-large wp-image-488\" alt=\"\" srcset=\"https:\/\/urban-diplomacy.de\/wp-content\/uploads\/2022\/08\/500px-Flagge_der_Stadt_Duisburg_mit_Wappen.svg.png 500w, https:\/\/urban-diplomacy.de\/wp-content\/uploads\/2022\/08\/500px-Flagge_der_Stadt_Duisburg_mit_Wappen.svg-300x180.png 300w\" sizes=\"(max-width: 500px) 100vw, 500px\" \/>\t\t\t\t\t\t\t\t\t\t\t\t\t\t\t<\/div>\n\t\t\t\t<\/div>\n\t\t\t\t<div class=\"elementor-element elementor-element-205d09e elementor-widget elementor-widget-image\" data-id=\"205d09e\" data-element_type=\"widget\" data-e-type=\"widget\" data-widget_type=\"image.default\">\n\t\t\t\t<div class=\"elementor-widget-container\">\n\t\t\t\t\t\t\t\t\t\t\t\t\t\t\t<img decoding=\"async\" width=\"500\" height=\"317\" src=\"https:\/\/urban-diplomacy.de\/wp-content\/uploads\/2022\/08\/500px-Flag_of_Fort_Lauderdale_Florida.svg.png\" class=\"attachment-large size-large wp-image-487\" alt=\"\" srcset=\"https:\/\/urban-diplomacy.de\/wp-content\/uploads\/2022\/08\/500px-Flag_of_Fort_Lauderdale_Florida.svg.png 500w, https:\/\/urban-diplomacy.de\/wp-content\/uploads\/2022\/08\/500px-Flag_of_Fort_Lauderdale_Florida.svg-300x190.png 300w\" sizes=\"(max-width: 500px) 100vw, 500px\" \/>\t\t\t\t\t\t\t\t\t\t\t\t\t\t\t<\/div>\n\t\t\t\t<\/div>\n\t\t\t\t\t<\/div>\n\t\t<\/div>\n\t\t\t\t\t<\/div>\n\t\t<\/section>\n\t\t\t\t<section class=\"elementor-section elementor-top-section elementor-element elementor-element-8cfa05a elementor-section-boxed elementor-section-height-default elementor-section-height-default\" data-id=\"8cfa05a\" data-element_type=\"section\" data-e-type=\"section\">\n\t\t\t\t\t\t<div class=\"elementor-container elementor-column-gap-default\">\n\t\t\t\t\t<div class=\"elementor-column elementor-col-100 elementor-top-column elementor-element elementor-element-597fa8b\" data-id=\"597fa8b\" data-element_type=\"column\" data-e-type=\"column\">\n\t\t\t<div class=\"elementor-widget-wrap elementor-element-populated\">\n\t\t\t\t\t\t<div class=\"elementor-element elementor-element-b4514bd elementor-widget elementor-widget-text-editor\" data-id=\"b4514bd\" data-element_type=\"widget\" data-e-type=\"widget\" data-widget_type=\"text-editor.default\">\n\t\t\t\t<div class=\"elementor-widget-container\">\n\t\t\t\t\t\t\t\t\t<p><strong>Duisburg und Fort Lauderdale verbindet das blaue Element:<\/strong> Beide St\u00e4dte liegen am Wasser, ihre Wirtschaft ist vom Handel auf dem Wasser gepr\u00e4gt. Duisburg ist als gr\u00f6\u00dfter Binnenhafen der Welt bekannt, w\u00e4hrend Fort Lauderdale vor allem Kreuzfahrern und Yachten-Fans ein Begriff ist.<\/p><p>Die Duisburger Hafen AG duisport in Duisburg-Ruhrort steht insbesondere mit logport und ihren zahlreichen Dienstleistungen in der Logistikbranche als Synonym f\u00fcr <strong>gelungenen Strukturwandel<\/strong> in der Stadt. Duisburg verf\u00fcgt \u00fcber trimodale Terminals mit einer Anbindung an Wasser, Schiene und Stra\u00dfe. Die Duisburger H\u00e4fen bilden den gr\u00f6\u00dften Binnenhafen der Welt und sind die f\u00fchrende Logistik-Drehscheibe in Zentraleuropa.<\/p><p>Auch die Stadtverwaltungen stehen in Kontakt. Dieser intensivierte sich 2021 vor dem Hintergrund des 10-j\u00e4hrigen Bestehens der Partnerschaft. Von beiden Seiten wurde der Wunsch nach einem vermehrten Austausch auf fachlicher und b\u00fcrgerschaftlicher Ebene ge\u00e4u\u00dfert. Derzeit werden die M\u00f6glichkeiten f\u00fcr einen Austausch der Feuerwehren eruiert. Ein weiteres Projekt, das sich aktuell noch in der Planungsphase befindet, ist das virtuelle Klassenzimmer: Grundschulen werden f\u00fcr den virtuellen Austausch zusammengebracht, auch unter Bew\u00e4ltigung der Zeitverschiebung. Mehr zu Duisburgs internationalen Beziehungen finden Sie hier:<span style=\"letter-spacing: -0.6px;\">\u00a0<\/span><strong><a style=\"letter-spacing: -0.6px; background-color: #ffffff;\" href=\"https:\/\/www.duisburg.de\/rathaus\/rathausundpolitik\/intbeziehungen\/staedtepartnerschaften.php\" rel=\"noopener\"><u>St\u00e4dtepartnerschaften | Stadt Duisburg<\/u><\/a><\/strong><\/p>\t\t\t\t\t\t\t\t<\/div>\n\t\t\t\t<\/div>\n\t\t\t\t<section class=\"elementor-section elementor-inner-section elementor-element elementor-element-7ad0d44 elementor-section-boxed elementor-section-height-default elementor-section-height-default\" data-id=\"7ad0d44\" data-element_type=\"section\" data-e-type=\"section\">\n\t\t\t\t\t\t<div class=\"elementor-container elementor-column-gap-default\">\n\t\t\t\t\t<div class=\"elementor-column elementor-col-50 elementor-inner-column elementor-element elementor-element-c89421f\" data-id=\"c89421f\" data-element_type=\"column\" data-e-type=\"column\">\n\t\t\t<div class=\"elementor-widget-wrap elementor-element-populated\">\n\t\t\t\t\t\t<div class=\"elementor-element elementor-element-171e2a8 elementor-widget elementor-widget-image\" data-id=\"171e2a8\" data-element_type=\"widget\" data-e-type=\"widget\" data-widget_type=\"image.default\">\n\t\t\t\t<div class=\"elementor-widget-container\">\n\t\t\t\t\t\t\t\t\t\t\t\t<figure class=\"wp-caption\">\n\t\t\t\t\t\t\t\t\t\t<img loading=\"lazy\" decoding=\"async\" width=\"625\" height=\"468\" src=\"https:\/\/urban-diplomacy.de\/wp-content\/uploads\/2022\/07\/Treffen-Mayor-Trantalis-und-Generalkonsular-Siegel-c-City-of-Fort-Lauderdale.jpg\" class=\"attachment-full size-full wp-image-95\" alt=\"\" srcset=\"https:\/\/urban-diplomacy.de\/wp-content\/uploads\/2022\/07\/Treffen-Mayor-Trantalis-und-Generalkonsular-Siegel-c-City-of-Fort-Lauderdale.jpg 625w, https:\/\/urban-diplomacy.de\/wp-content\/uploads\/2022\/07\/Treffen-Mayor-Trantalis-und-Generalkonsular-Siegel-c-City-of-Fort-Lauderdale-300x225.jpg 300w\" sizes=\"(max-width: 625px) 100vw, 625px\" \/>\t\t\t\t\t\t\t\t\t\t\t<figcaption class=\"widget-image-caption wp-caption-text\">Treffen der OB (Foto: Fort Lauderdale)<\/figcaption>\n\t\t\t\t\t\t\t\t\t\t<\/figure>\n\t\t\t\t\t\t\t\t\t<\/div>\n\t\t\t\t<\/div>\n\t\t\t\t\t<\/div>\n\t\t<\/div>\n\t\t\t\t<div class=\"elementor-column elementor-col-50 elementor-inner-column elementor-element elementor-element-bde7115\" data-id=\"bde7115\" data-element_type=\"column\" data-e-type=\"column\">\n\t\t\t<div class=\"elementor-widget-wrap elementor-element-populated\">\n\t\t\t\t\t\t<div class=\"elementor-element elementor-element-211ad72 elementor-widget elementor-widget-text-editor\" data-id=\"211ad72\" data-element_type=\"widget\" data-e-type=\"widget\" data-widget_type=\"text-editor.default\">\n\t\t\t\t<div class=\"elementor-widget-container\">\n\t\t\t\t\t\t\t\t\t<p><strong>Weltoffenheit und Internationalit\u00e4t <\/strong><strong>\u2014 <\/strong><strong>seit Jahrhunderten <\/strong><strong>bezeichnend f\u00fcr Duisburg, wo heute heute \u00fcber 140 Nationalit\u00e4ten friedlich in der Stadt zusammenleben. <\/strong><\/p><p>Duisburgs Wirtschaft zeigte sich auch w\u00e4hrend der Corona-Krise stark: Als gr\u00f6\u00dfter Stahlstandort Europas produziert die Stadt am Rhein mehr als 50 Prozent des europ\u00e4ischen Roheisens und ein Drittel des deutschen Rohstahls. Die Stahlproduktion pr\u00e4gt heute noch nahezu das gesamte Stadtgebiet.<\/p>\t\t\t\t\t\t\t\t<\/div>\n\t\t\t\t<\/div>\n\t\t\t\t\t<\/div>\n\t\t<\/div>\n\t\t\t\t\t<\/div>\n\t\t<\/section>\n\t\t\t\t\t<\/div>\n\t\t<\/div>\n\t\t\t\t\t<\/div>\n\t\t<\/section>\n\t\t\t\t<section class=\"elementor-section elementor-top-section elementor-element elementor-element-79a5c3b elementor-section-boxed elementor-section-height-default elementor-section-height-default\" data-id=\"79a5c3b\" data-element_type=\"section\" data-e-type=\"section\">\n\t\t\t\t\t\t<div class=\"elementor-container elementor-column-gap-default\">\n\t\t\t\t\t<div class=\"elementor-column elementor-col-100 elementor-top-column elementor-element elementor-element-49cf39b\" data-id=\"49cf39b\" data-element_type=\"column\" data-e-type=\"column\">\n\t\t\t<div class=\"elementor-widget-wrap elementor-element-populated\">\n\t\t\t\t\t\t<div class=\"elementor-element elementor-element-14810a1 elementor-align-left elementor-widget elementor-widget-button\" data-id=\"14810a1\" data-element_type=\"widget\" data-e-type=\"widget\" data-widget_type=\"button.default\">\n\t\t\t\t<div class=\"elementor-widget-container\">\n\t\t\t\t\t\t\t\t\t<div class=\"elementor-button-wrapper\">\n\t\t\t\t\t<a class=\"elementor-button elementor-button-link elementor-size-sm\" href=\"https:\/\/www.publicnow.com\/view\/A295FB90680B7E40D25E9B8BCD25A9AD0CACC5AA?1665183519\" target=\"_blank\" rel=\"noopener\">\n\t\t\t\t\t\t<span class=\"elementor-button-content-wrapper\">\n\t\t\t\t\t\t\t\t\t<span class=\"elementor-button-text\">Aktuelles zum Fachaustausch zwischen Duisburg und Fort Lauderdale hier<\/span>\n\t\t\t\t\t<\/span>\n\t\t\t\t\t<\/a>\n\t\t\t\t<\/div>\n\t\t\t\t\t\t\t\t<\/div>\n\t\t\t\t<\/div>\n\t\t\t\t<div class=\"elementor-element elementor-element-c82143a elementor-align-left elementor-widget elementor-widget-button\" data-id=\"c82143a\" data-element_type=\"widget\" data-e-type=\"widget\" data-widget_type=\"button.default\">\n\t\t\t\t<div class=\"elementor-widget-container\">\n\t\t\t\t\t\t\t\t\t<div class=\"elementor-button-wrapper\">\n\t\t\t\t\t<a class=\"elementor-button elementor-button-link elementor-size-sm\" href=\"https:\/\/myemail.constantcontact.com\/Mayor-s-newsletter--Lessons-from-Hurricane-Ian.html?soid=1127482856602&#038;aid=Cz7jQHEEArg\" target=\"_blank\" rel=\"noopener\">\n\t\t\t\t\t\t<span class=\"elementor-button-content-wrapper\">\n\t\t\t\t\t\t\t\t\t<span class=\"elementor-button-text\">Newsletter des B\u00fcrgermeisters von Fort-Lauderdale: Lessons from Hurricane Ian<\/span>\n\t\t\t\t\t<\/span>\n\t\t\t\t\t<\/a>\n\t\t\t\t<\/div>\n\t\t\t\t\t\t\t\t<\/div>\n\t\t\t\t<\/div>\n\t\t\t\t\t<\/div>\n\t\t<\/div>\n\t\t\t\t\t<\/div>\n\t\t<\/section>\n\t\t\t\t<\/div>\n\t\t","protected":false},"excerpt":{"rendered":"<p>Duisburg &#8211; Fort Lauderdale Urban Diplomacy Exchange Duisburg &#8211; Fort Lauderdale \u201eKommunale Au\u00dfenpolitik\u201c wird von Duisburg schon seit Jahrzehnten als alternative Au\u00dfenpolitik der Kommunen gelebt. Hierzu sagte der langj\u00e4hrige Oberb\u00fcrgermeister und Duisburger Ehrenb\u00fcrger Josef Krings: \u201eDie Feststellung, dass man sich im Schnittpunkt wichtiger Entwicklungs- und Verkehrsachsen befindet, macht alleine noch keine kommunale Au\u00dfenpolitik aus. Sie [&hellip;]<\/p>\n","protected":false},"author":1,"featured_media":0,"parent":294,"menu_order":0,"comment_status":"closed","ping_status":"closed","template":"","meta":{"footnotes":""},"class_list":["post-292","page","type-page","status-publish","hentry"],"_links":{"self":[{"href":"https:\/\/urban-diplomacy.de\/en\/wp-json\/wp\/v2\/pages\/292","targetHints":{"allow":["GET"]}}],"collection":[{"href":"https:\/\/urban-diplomacy.de\/en\/wp-json\/wp\/v2\/pages"}],"about":[{"href":"https:\/\/urban-diplomacy.de\/en\/wp-json\/wp\/v2\/types\/page"}],"author":[{"embeddable":true,"href":"https:\/\/urban-diplomacy.de\/en\/wp-json\/wp\/v2\/users\/1"}],"replies":[{"embeddable":true,"href":"https:\/\/urban-diplomacy.de\/en\/wp-json\/wp\/v2\/comments?post=292"}],"version-history":[{"count":65,"href":"https:\/\/urban-diplomacy.de\/en\/wp-json\/wp\/v2\/pages\/292\/revisions"}],"predecessor-version":[{"id":3525,"href":"https:\/\/urban-diplomacy.de\/en\/wp-json\/wp\/v2\/pages\/292\/revisions\/3525"}],"up":[{"embeddable":true,"href":"https:\/\/urban-diplomacy.de\/en\/wp-json\/wp\/v2\/pages\/294"}],"wp:attachment":[{"href":"https:\/\/urban-diplomacy.de\/en\/wp-json\/wp\/v2\/media?parent=292"}],"curies":[{"name":"wp","href":"https:\/\/api.w.org\/{rel}","templated":true}]}}