{"id":2800,"date":"2024-09-16T11:43:30","date_gmt":"2024-09-16T09:43:30","guid":{"rendered":"https:\/\/urban-diplomacy.de\/?page_id=2800"},"modified":"2025-11-06T13:00:13","modified_gmt":"2025-11-06T12:00:13","slug":"duisburg-fort-lauderdale-3","status":"publish","type":"page","link":"https:\/\/urban-diplomacy.de\/en\/de-usa\/duisburg-fort-lauderdale-cloned-292\/","title":{"rendered":"Munster \u2013 Fresno"},"content":{"rendered":"\t\t<div data-elementor-type=\"wp-page\" data-elementor-id=\"2800\" class=\"elementor elementor-2800\" data-elementor-settings=\"{&quot;ha_cmc_init_switcher&quot;:&quot;no&quot;}\" data-elementor-post-type=\"page\">\n\t\t\t\t\t\t<section data-ha-partstyle=\"custom\" data-ha-partcolor=\"\" data-ha-partopacity=\"\" data-ha-partdirection=\"bottom\" data-ha-partdata=\"{&quot;particles&quot;:{&quot;number&quot;:{&quot;value&quot;:29,&quot;density&quot;:{&quot;enable&quot;:true,&quot;value_area&quot;:946.9771699587272}},&quot;color&quot;:{&quot;value&quot;:&quot;#fc9c2c&quot;},&quot;shape&quot;:{&quot;type&quot;:&quot;circle&quot;,&quot;stroke&quot;:{&quot;width&quot;:0,&quot;color&quot;:&quot;#000000&quot;},&quot;polygon&quot;:{&quot;nb_sides&quot;:5},&quot;image&quot;:{&quot;src&quot;:&quot;img\\\/github.svg&quot;,&quot;width&quot;:100,&quot;height&quot;:100}},&quot;opacity&quot;:{&quot;value&quot;:0.5,&quot;random&quot;:false,&quot;anim&quot;:{&quot;enable&quot;:false,&quot;speed&quot;:1,&quot;opacity_min&quot;:0.1,&quot;sync&quot;:false}},&quot;size&quot;:{&quot;value&quot;:19.728691040806815,&quot;random&quot;:true,&quot;anim&quot;:{&quot;enable&quot;:false,&quot;speed&quot;:40,&quot;size_min&quot;:0.1,&quot;sync&quot;:false}},&quot;line_linked&quot;:{&quot;enable&quot;:true,&quot;distance&quot;:150,&quot;color&quot;:&quot;#fc9c2c&quot;,&quot;opacity&quot;:0.4,&quot;width&quot;:4.970577388683121},&quot;move&quot;:{&quot;enable&quot;:true,&quot;speed&quot;:0.9,&quot;direction&quot;:&quot;none&quot;,&quot;random&quot;:false,&quot;straight&quot;:false,&quot;out_mode&quot;:&quot;out&quot;,&quot;bounce&quot;:false,&quot;attract&quot;:{&quot;enable&quot;:false,&quot;rotateX&quot;:600,&quot;rotateY&quot;:1200}}},&quot;interactivity&quot;:{&quot;detect_on&quot;:&quot;canvas&quot;,&quot;events&quot;:{&quot;onhover&quot;:{&quot;enable&quot;:true,&quot;mode&quot;:&quot;grab&quot;},&quot;onclick&quot;:{&quot;enable&quot;:true,&quot;mode&quot;:&quot;push&quot;},&quot;resize&quot;:true},&quot;modes&quot;:{&quot;grab&quot;:{&quot;distance&quot;:400,&quot;line_linked&quot;:{&quot;opacity&quot;:1}},&quot;bubble&quot;:{&quot;distance&quot;:400,&quot;size&quot;:40,&quot;duration&quot;:2,&quot;opacity&quot;:8,&quot;speed&quot;:3},&quot;repulse&quot;:{&quot;distance&quot;:200,&quot;duration&quot;:0.4},&quot;push&quot;:{&quot;particles_nb&quot;:4},&quot;remove&quot;:{&quot;particles_nb&quot;:2}}},&quot;retina_detect&quot;:true}\" class=\"elementor-section elementor-top-section elementor-element elementor-element-ff2f184 elementor-section-height-min-height ha-particle-yes elementor-section-boxed elementor-section-height-default elementor-section-items-middle\" data-id=\"ff2f184\" data-element_type=\"section\" data-e-type=\"section\" data-settings=\"{&quot;background_background&quot;:&quot;gradient&quot;}\">\n\t\t\t\t\t\t<div class=\"elementor-container elementor-column-gap-default\">\n\t\t\t\t\t<div class=\"elementor-column elementor-col-100 elementor-top-column elementor-element elementor-element-5cfb099\" data-id=\"5cfb099\" data-element_type=\"column\" data-e-type=\"column\">\n\t\t\t<div class=\"elementor-widget-wrap elementor-element-populated\">\n\t\t\t\t\t\t<div class=\"elementor-element elementor-element-7da85fb elementor-invisible elementor-widget elementor-widget-heading\" data-id=\"7da85fb\" data-element_type=\"widget\" data-e-type=\"widget\" data-settings=\"{&quot;_animation&quot;:&quot;fadeInDown&quot;}\" data-widget_type=\"heading.default\">\n\t\t\t\t<div class=\"elementor-widget-container\">\n\t\t\t\t\t<h1 class=\"elementor-heading-title elementor-size-default\">M\u00fcnster - Fresno<br><br><\/h1>\t\t\t\t<\/div>\n\t\t\t\t<\/div>\n\t\t\t\t<div class=\"elementor-element elementor-element-389d4e3 elementor-widget__width-auto elementor-invisible elementor-widget elementor-widget-heading\" data-id=\"389d4e3\" data-element_type=\"widget\" data-e-type=\"widget\" data-settings=\"{&quot;_animation&quot;:&quot;fadeInLeft&quot;}\" data-widget_type=\"heading.default\">\n\t\t\t\t<div class=\"elementor-widget-container\">\n\t\t\t\t\t<h1 class=\"elementor-heading-title elementor-size-default\">Urban<\/h1>\t\t\t\t<\/div>\n\t\t\t\t<\/div>\n\t\t\t\t<div class=\"elementor-element elementor-element-ca21cb1 elementor-widget__width-auto elementor-invisible elementor-widget elementor-widget-heading\" data-id=\"ca21cb1\" data-element_type=\"widget\" data-e-type=\"widget\" data-settings=\"{&quot;_animation&quot;:&quot;fadeInLeft&quot;,&quot;_animation_delay&quot;:200}\" data-widget_type=\"heading.default\">\n\t\t\t\t<div class=\"elementor-widget-container\">\n\t\t\t\t\t<h1 class=\"elementor-heading-title elementor-size-default\">Diplomacy<\/h1>\t\t\t\t<\/div>\n\t\t\t\t<\/div>\n\t\t\t\t<div class=\"elementor-element elementor-element-1b2de5d elementor-widget__width-auto elementor-invisible elementor-widget elementor-widget-heading\" data-id=\"1b2de5d\" data-element_type=\"widget\" data-e-type=\"widget\" data-settings=\"{&quot;_animation&quot;:&quot;fadeInLeft&quot;}\" data-widget_type=\"heading.default\">\n\t\t\t\t<div class=\"elementor-widget-container\">\n\t\t\t\t\t<h1 class=\"elementor-heading-title elementor-size-default\">Exchange<\/h1>\t\t\t\t<\/div>\n\t\t\t\t<\/div>\n\t\t\t\t<div class=\"elementor-element elementor-element-dd75481 elementor-widget__width-auto elementor-absolute elementor-widget elementor-widget-image\" data-id=\"dd75481\" data-element_type=\"widget\" data-e-type=\"widget\" data-settings=\"{&quot;_position&quot;:&quot;absolute&quot;,&quot;motion_fx_motion_fx_scrolling&quot;:&quot;yes&quot;,&quot;motion_fx_rotateZ_effect&quot;:&quot;yes&quot;,&quot;motion_fx_rotateZ_speed&quot;:{&quot;unit&quot;:&quot;px&quot;,&quot;size&quot;:1,&quot;sizes&quot;:[]},&quot;motion_fx_rotateZ_affectedRange&quot;:{&quot;unit&quot;:&quot;%&quot;,&quot;size&quot;:&quot;&quot;,&quot;sizes&quot;:{&quot;start&quot;:0,&quot;end&quot;:100}},&quot;motion_fx_devices&quot;:[&quot;desktop&quot;,&quot;tablet&quot;,&quot;mobile&quot;]}\" data-widget_type=\"image.default\">\n\t\t\t\t<div class=\"elementor-widget-container\">\n\t\t\t\t\t\t\t\t\t\t\t\t\t\t\t<img fetchpriority=\"high\" decoding=\"async\" width=\"555\" height=\"544\" src=\"https:\/\/urban-diplomacy.de\/wp-content\/uploads\/2022\/07\/Urban-Bildlogo.png\" class=\"attachment-large size-large wp-image-115\" alt=\"\" srcset=\"https:\/\/urban-diplomacy.de\/wp-content\/uploads\/2022\/07\/Urban-Bildlogo.png 555w, https:\/\/urban-diplomacy.de\/wp-content\/uploads\/2022\/07\/Urban-Bildlogo-300x294.png 300w\" sizes=\"(max-width: 555px) 100vw, 555px\" \/>\t\t\t\t\t\t\t\t\t\t\t\t\t\t\t<\/div>\n\t\t\t\t<\/div>\n\t\t\t\t\t<\/div>\n\t\t<\/div>\n\t\t\t\t\t<\/div>\n\t\t<\/section>\n\t\t\t\t<section class=\"elementor-section elementor-top-section elementor-element elementor-element-ce4748f elementor-section-boxed elementor-section-height-default elementor-section-height-default\" data-id=\"ce4748f\" data-element_type=\"section\" data-e-type=\"section\">\n\t\t\t\t\t\t<div class=\"elementor-container elementor-column-gap-default\">\n\t\t\t\t\t<div class=\"elementor-column elementor-col-100 elementor-top-column elementor-element elementor-element-1069c0c\" data-id=\"1069c0c\" data-element_type=\"column\" data-e-type=\"column\">\n\t\t\t<div class=\"elementor-widget-wrap elementor-element-populated\">\n\t\t\t\t\t\t<div class=\"elementor-element elementor-element-87ff6a1 elementor-widget elementor-widget-heading\" data-id=\"87ff6a1\" data-element_type=\"widget\" data-e-type=\"widget\" data-widget_type=\"heading.default\">\n\t\t\t\t<div class=\"elementor-widget-container\">\n\t\t\t\t\t<h1 class=\"elementor-heading-title elementor-size-default\">M\u00fcnster - Fresno<\/h1>\t\t\t\t<\/div>\n\t\t\t\t<\/div>\n\t\t\t\t\t<\/div>\n\t\t<\/div>\n\t\t\t\t\t<\/div>\n\t\t<\/section>\n\t\t\t\t<section class=\"elementor-section elementor-top-section elementor-element elementor-element-143ed5f elementor-section-boxed elementor-section-height-default elementor-section-height-default\" data-id=\"143ed5f\" data-element_type=\"section\" data-e-type=\"section\">\n\t\t\t\t\t\t<div class=\"elementor-container elementor-column-gap-default\">\n\t\t\t\t\t<div class=\"elementor-column elementor-col-100 elementor-top-column elementor-element elementor-element-4a71716\" data-id=\"4a71716\" data-element_type=\"column\" data-e-type=\"column\">\n\t\t\t<div class=\"elementor-widget-wrap elementor-element-populated\">\n\t\t\t\t\t\t<div class=\"elementor-element elementor-element-45a3433 elementor-widget elementor-widget-text-editor\" data-id=\"45a3433\" data-element_type=\"widget\" data-e-type=\"widget\" data-widget_type=\"text-editor.default\">\n\t\t\t\t<div class=\"elementor-widget-container\">\n\t\t\t\t\t\t\t\t\t<div id=\"c14869\" class=\"0 frame frame-default csc-frame-default frame-type-cqlinklistnews_pi1 frame-layout-0\"><h2>Partnerschaft mit M\u00fcnster<\/h2><p>Die ersten Kontakte mit Fresno kamen Anfang der 80er Jahre durch das Generalkonsulat der Bundesrepublik in San Francisco zustande. Im Juli 1986 wurde die Partnerschaft offiziell in M\u00fcnsters Rathaus besiegelt. An der urspr\u00fcnglichen Idee, mit dieser St\u00e4dtepartnerschaft vor allem den Jugendaustausch zu f\u00f6rdern, wird bis heute festgehalten.<\/p><p>Der Partnerschaftsverein M\u00fcnster \u2013 Fresno, zusammen mit dem \u201eSister Cities Committee\u201c in Fresno, k\u00fcmmert sich um regelm\u00e4\u00dfige Sch\u00fcleraustausche und B\u00fcrgerreisen. Dar\u00fcber hinaus gibt es Kontakte zwischen den Hochschulen und Begegnungen im Bereich Musik und Sport. Seit 2015 besteht eine Kooperation zwischen dem 1. AFC M\u00fcnster Mammuts e.V. und den Bulluard Knights \u2013 dem American Football Team der Bullard Highschool in Fresno. Das Programm \u201eTouchdown in Fresno\u201c f\u00f6rdert den Austausch von Jugendspielern und Trainern.<\/p><p>Die beiden Stadtverwaltungen pflegen, unterst\u00fctzt durch die UDE-Teilnahme 2022-2023, eine enge Verbindung. Sie erm\u00f6glichen Expertenaustausch und Fachdelegationsbesuche in verschiedenen Bereichen des \u00f6ffentlichen Dienstes und der regionalen Wirtschaft.\u00a0\u00a0<\/p><\/div><div id=\"c14870\" class=\"0 frame frame-default csc-frame-default frame-type-cqlinklistnews_pi1 frame-layout-0\"><h3>Von Partnerstadt zu Partnerstadt<\/h3><p>Was ihre Entwicklung betrifft, so unterscheiden sich die beiden St\u00e4dte deutlich voneinander. W\u00e4hrend M\u00fcnster 1993 das 1200-j\u00e4hrige Stadtjubil\u00e4um feierte, ist Fresno mit gut 100 Jahren eine sehr junge Stadt. Fresno hat sich in seiner kurzen Geschichte schnell entwickelt und ist mit \u00fcber 500.000 Einwohnerinnen und Einwohnern schon jetzt deutlich gr\u00f6\u00dfer als M\u00fcnster.<\/p><p>Von ihrer Infrastruktur her sind sich M\u00fcnster und das kalifornische Fresno erstaunlich \u00e4hnlich. Auch Fresno ist ein Verwaltungs-, Handels- und Dienstleistungszentrum mit nur wenigen Industriebetrieben. Das Umland wird ebenfalls \u00fcberwiegend landwirtschaftlich genutzt, wenn auch wegen des w\u00e4rmeren Klimas in Fresno anderes gedeiht: Baumwollfelder, Weing\u00fcter, Walnuss- und Mandelhaine, Pflaumen- und Pfirsichplantagen umgeben die Stadt.<\/p><\/div><h3>Die Mehrwerte der UDE-Teilnahme von M\u00fcnster<\/h3><p>Vor der UDE-Teilnahme war die Partnerschaft \u00fcberwiegend durch Austausch zu klassischen Partnerschaftsaktivit\u00e4ten auf zivilgesellschaftlicher Ebene gekennzeichnet. Die Teilnahme an UDE erm\u00f6glichte M\u00fcnster eine Fachaustauschreise Ende 2023, um sich weiter mit den Themen nachhaltige Mobilit\u00e4t, insbesondere Radverkehr, auseinander.\u00a0 Nachhaltigkeitsthemen erhielten in die Partnerschaft erst seit der Begegnung in Washington, D.C. Einzug. Aufgrund des Profils der Stadt M\u00fcnster einer Fahrradstadt sowie dem aufkommenden Bewusstseinswandel in den USA, was das Fahrradfahren betrifft, wurde der Schwerpunkt auf nachhaltige Mobilit\u00e4t gesetzt. Durch UDE konnte M\u00fcnster (Fahrradstadt) \u2013 Fresno den <em>Fresno International Transportation Innovations Summit \/ PEDAL 202<\/em>3 (regionale und internationale Konferenz, die Verkehrsexperten, politische Entscheidungstr\u00e4ger versammelt) mit den Themen sicheres und nachhaltiges Verkehrsdesign partnerschaftliche mit Vertreter*Innen der st\u00e4dtischen Verkehrsplanung und Politik bespielen.<\/p><p>Zudem konnten die beiden von M\u00fcnster gepflegten bilateralen Beziehungen mit Rochester, Michigan und Fresno, Kalifornien zu einer trilateralen st\u00e4dtepartnerschaftlichen Beziehungen ausgebaut werden.\u00a0<\/p>\t\t\t\t\t\t\t\t<\/div>\n\t\t\t\t<\/div>\n\t\t\t\t<div class=\"elementor-element elementor-element-b61c111 elementor-widget elementor-widget-video\" data-id=\"b61c111\" data-element_type=\"widget\" data-e-type=\"widget\" data-settings=\"{&quot;youtube_url&quot;:&quot;https:\\\/\\\/youtu.be\\\/NEU3mLmahKQ&quot;,&quot;video_type&quot;:&quot;youtube&quot;,&quot;controls&quot;:&quot;yes&quot;}\" data-widget_type=\"video.default\">\n\t\t\t\t<div class=\"elementor-widget-container\">\n\t\t\t\t\t\t\t<div class=\"elementor-wrapper elementor-open-inline\">\n\t\t\t<div class=\"elementor-video\"><\/div>\t\t<\/div>\n\t\t\t\t\t\t<\/div>\n\t\t\t\t<\/div>\n\t\t\t\t\t<\/div>\n\t\t<\/div>\n\t\t\t\t\t<\/div>\n\t\t<\/section>\n\t\t\t\t<\/div>\n\t\t","protected":false},"excerpt":{"rendered":"<p>M\u00fcnster &#8211; Fresno Urban Diplomacy Exchange M\u00fcnster &#8211; Fresno Partnerschaft mit M\u00fcnster Die ersten Kontakte mit Fresno kamen Anfang der 80er Jahre durch das Generalkonsulat der Bundesrepublik in San Francisco zustande. Im Juli 1986 wurde die Partnerschaft offiziell in M\u00fcnsters Rathaus besiegelt. An der urspr\u00fcnglichen Idee, mit dieser St\u00e4dtepartnerschaft vor allem den Jugendaustausch zu f\u00f6rdern, [&hellip;]<\/p>\n","protected":false},"author":2,"featured_media":0,"parent":294,"menu_order":0,"comment_status":"closed","ping_status":"closed","template":"","meta":{"footnotes":""},"class_list":["post-2800","page","type-page","status-publish","hentry"],"_links":{"self":[{"href":"https:\/\/urban-diplomacy.de\/en\/wp-json\/wp\/v2\/pages\/2800","targetHints":{"allow":["GET"]}}],"collection":[{"href":"https:\/\/urban-diplomacy.de\/en\/wp-json\/wp\/v2\/pages"}],"about":[{"href":"https:\/\/urban-diplomacy.de\/en\/wp-json\/wp\/v2\/types\/page"}],"author":[{"embeddable":true,"href":"https:\/\/urban-diplomacy.de\/en\/wp-json\/wp\/v2\/users\/2"}],"replies":[{"embeddable":true,"href":"https:\/\/urban-diplomacy.de\/en\/wp-json\/wp\/v2\/comments?post=2800"}],"version-history":[{"count":37,"href":"https:\/\/urban-diplomacy.de\/en\/wp-json\/wp\/v2\/pages\/2800\/revisions"}],"predecessor-version":[{"id":3807,"href":"https:\/\/urban-diplomacy.de\/en\/wp-json\/wp\/v2\/pages\/2800\/revisions\/3807"}],"up":[{"embeddable":true,"href":"https:\/\/urban-diplomacy.de\/en\/wp-json\/wp\/v2\/pages\/294"}],"wp:attachment":[{"href":"https:\/\/urban-diplomacy.de\/en\/wp-json\/wp\/v2\/media?parent=2800"}],"curies":[{"name":"wp","href":"https:\/\/api.w.org\/{rel}","templated":true}]}}