{"id":2185,"date":"2023-07-19T11:25:03","date_gmt":"2023-07-19T11:25:03","guid":{"rendered":"https:\/\/urban-diplomacy.de\/?page_id=2185"},"modified":"2025-07-25T14:12:39","modified_gmt":"2025-07-25T12:12:39","slug":"wolfsburg-hamm-chattanooga","status":"publish","type":"page","link":"https:\/\/urban-diplomacy.de\/en\/de-usa\/wolfsburg-hamm-chattanooga\/","title":{"rendered":"Wolfsburg &amp; Hamm-Chattanooga"},"content":{"rendered":"\t\t<div data-elementor-type=\"wp-page\" data-elementor-id=\"2185\" class=\"elementor elementor-2185\" data-elementor-settings=\"{&quot;ha_cmc_init_switcher&quot;:&quot;no&quot;}\" data-elementor-post-type=\"page\">\n\t\t\t\t\t\t<section data-ha-partstyle=\"custom\" data-ha-partcolor=\"\" data-ha-partopacity=\"\" data-ha-partdirection=\"bottom\" data-ha-partdata=\"{&quot;particles&quot;:{&quot;number&quot;:{&quot;value&quot;:29,&quot;density&quot;:{&quot;enable&quot;:true,&quot;value_area&quot;:946.9771699587272}},&quot;color&quot;:{&quot;value&quot;:&quot;#fc9c2c&quot;},&quot;shape&quot;:{&quot;type&quot;:&quot;circle&quot;,&quot;stroke&quot;:{&quot;width&quot;:0,&quot;color&quot;:&quot;#000000&quot;},&quot;polygon&quot;:{&quot;nb_sides&quot;:5},&quot;image&quot;:{&quot;src&quot;:&quot;img\\\/github.svg&quot;,&quot;width&quot;:100,&quot;height&quot;:100}},&quot;opacity&quot;:{&quot;value&quot;:0.5,&quot;random&quot;:false,&quot;anim&quot;:{&quot;enable&quot;:false,&quot;speed&quot;:1,&quot;opacity_min&quot;:0.1,&quot;sync&quot;:false}},&quot;size&quot;:{&quot;value&quot;:19.728691040806815,&quot;random&quot;:true,&quot;anim&quot;:{&quot;enable&quot;:false,&quot;speed&quot;:40,&quot;size_min&quot;:0.1,&quot;sync&quot;:false}},&quot;line_linked&quot;:{&quot;enable&quot;:true,&quot;distance&quot;:150,&quot;color&quot;:&quot;#fc9c2c&quot;,&quot;opacity&quot;:0.4,&quot;width&quot;:4.970577388683121},&quot;move&quot;:{&quot;enable&quot;:true,&quot;speed&quot;:0.9,&quot;direction&quot;:&quot;none&quot;,&quot;random&quot;:false,&quot;straight&quot;:false,&quot;out_mode&quot;:&quot;out&quot;,&quot;bounce&quot;:false,&quot;attract&quot;:{&quot;enable&quot;:false,&quot;rotateX&quot;:600,&quot;rotateY&quot;:1200}}},&quot;interactivity&quot;:{&quot;detect_on&quot;:&quot;canvas&quot;,&quot;events&quot;:{&quot;onhover&quot;:{&quot;enable&quot;:true,&quot;mode&quot;:&quot;grab&quot;},&quot;onclick&quot;:{&quot;enable&quot;:true,&quot;mode&quot;:&quot;push&quot;},&quot;resize&quot;:true},&quot;modes&quot;:{&quot;grab&quot;:{&quot;distance&quot;:400,&quot;line_linked&quot;:{&quot;opacity&quot;:1}},&quot;bubble&quot;:{&quot;distance&quot;:400,&quot;size&quot;:40,&quot;duration&quot;:2,&quot;opacity&quot;:8,&quot;speed&quot;:3},&quot;repulse&quot;:{&quot;distance&quot;:200,&quot;duration&quot;:0.4},&quot;push&quot;:{&quot;particles_nb&quot;:4},&quot;remove&quot;:{&quot;particles_nb&quot;:2}}},&quot;retina_detect&quot;:true}\" class=\"elementor-section elementor-top-section elementor-element elementor-element-ff2f184 elementor-section-height-min-height ha-particle-yes elementor-section-boxed elementor-section-height-default elementor-section-items-middle\" data-id=\"ff2f184\" data-element_type=\"section\" data-e-type=\"section\" data-settings=\"{&quot;background_background&quot;:&quot;gradient&quot;}\">\n\t\t\t\t\t\t<div class=\"elementor-container elementor-column-gap-default\">\n\t\t\t\t\t<div class=\"elementor-column elementor-col-100 elementor-top-column elementor-element elementor-element-5cfb099\" data-id=\"5cfb099\" data-element_type=\"column\" data-e-type=\"column\">\n\t\t\t<div class=\"elementor-widget-wrap elementor-element-populated\">\n\t\t\t\t\t\t<div class=\"elementor-element elementor-element-7da85fb elementor-invisible elementor-widget elementor-widget-heading\" data-id=\"7da85fb\" data-element_type=\"widget\" data-e-type=\"widget\" data-settings=\"{&quot;_animation&quot;:&quot;fadeInDown&quot;}\" data-widget_type=\"heading.default\">\n\t\t\t\t<div class=\"elementor-widget-container\">\n\t\t\t\t\t<h3 class=\"elementor-heading-title elementor-size-small\">Wolfsburg &amp; Hamm -\nChattanooga<\/h3>\t\t\t\t<\/div>\n\t\t\t\t<\/div>\n\t\t\t\t<div class=\"elementor-element elementor-element-389d4e3 elementor-widget__width-auto elementor-invisible elementor-widget elementor-widget-heading\" data-id=\"389d4e3\" data-element_type=\"widget\" data-e-type=\"widget\" data-settings=\"{&quot;_animation&quot;:&quot;fadeInLeft&quot;}\" data-widget_type=\"heading.default\">\n\t\t\t\t<div class=\"elementor-widget-container\">\n\t\t\t\t\t<h1 class=\"elementor-heading-title elementor-size-default\">Urban<\/h1>\t\t\t\t<\/div>\n\t\t\t\t<\/div>\n\t\t\t\t<div class=\"elementor-element elementor-element-ca21cb1 elementor-widget__width-auto elementor-invisible elementor-widget elementor-widget-heading\" data-id=\"ca21cb1\" data-element_type=\"widget\" data-e-type=\"widget\" data-settings=\"{&quot;_animation&quot;:&quot;fadeInLeft&quot;,&quot;_animation_delay&quot;:200}\" data-widget_type=\"heading.default\">\n\t\t\t\t<div class=\"elementor-widget-container\">\n\t\t\t\t\t<h1 class=\"elementor-heading-title elementor-size-default\">Diplomacy<\/h1>\t\t\t\t<\/div>\n\t\t\t\t<\/div>\n\t\t\t\t<div class=\"elementor-element elementor-element-1b2de5d elementor-widget__width-auto elementor-invisible elementor-widget elementor-widget-heading\" data-id=\"1b2de5d\" data-element_type=\"widget\" data-e-type=\"widget\" data-settings=\"{&quot;_animation&quot;:&quot;fadeInLeft&quot;}\" data-widget_type=\"heading.default\">\n\t\t\t\t<div class=\"elementor-widget-container\">\n\t\t\t\t\t<h1 class=\"elementor-heading-title elementor-size-default\">Exchange<\/h1>\t\t\t\t<\/div>\n\t\t\t\t<\/div>\n\t\t\t\t<div class=\"elementor-element elementor-element-dd75481 elementor-widget__width-auto elementor-absolute elementor-widget elementor-widget-image\" data-id=\"dd75481\" data-element_type=\"widget\" data-e-type=\"widget\" data-settings=\"{&quot;_position&quot;:&quot;absolute&quot;,&quot;motion_fx_motion_fx_scrolling&quot;:&quot;yes&quot;,&quot;motion_fx_rotateZ_effect&quot;:&quot;yes&quot;,&quot;motion_fx_rotateZ_speed&quot;:{&quot;unit&quot;:&quot;px&quot;,&quot;size&quot;:1,&quot;sizes&quot;:[]},&quot;motion_fx_rotateZ_affectedRange&quot;:{&quot;unit&quot;:&quot;%&quot;,&quot;size&quot;:&quot;&quot;,&quot;sizes&quot;:{&quot;start&quot;:0,&quot;end&quot;:100}},&quot;motion_fx_devices&quot;:[&quot;desktop&quot;,&quot;tablet&quot;,&quot;mobile&quot;]}\" data-widget_type=\"image.default\">\n\t\t\t\t<div class=\"elementor-widget-container\">\n\t\t\t\t\t\t\t\t\t\t\t\t\t\t\t<img fetchpriority=\"high\" decoding=\"async\" width=\"555\" height=\"544\" src=\"https:\/\/urban-diplomacy.de\/wp-content\/uploads\/2022\/07\/Urban-Bildlogo.png\" class=\"attachment-large size-large wp-image-115\" alt=\"\" srcset=\"https:\/\/urban-diplomacy.de\/wp-content\/uploads\/2022\/07\/Urban-Bildlogo.png 555w, https:\/\/urban-diplomacy.de\/wp-content\/uploads\/2022\/07\/Urban-Bildlogo-300x294.png 300w\" sizes=\"(max-width: 555px) 100vw, 555px\" \/>\t\t\t\t\t\t\t\t\t\t\t\t\t\t\t<\/div>\n\t\t\t\t<\/div>\n\t\t\t\t\t<\/div>\n\t\t<\/div>\n\t\t\t\t\t<\/div>\n\t\t<\/section>\n\t\t\t\t<section class=\"elementor-section elementor-top-section elementor-element elementor-element-ce4748f elementor-section-boxed elementor-section-height-default elementor-section-height-default\" data-id=\"ce4748f\" data-element_type=\"section\" data-e-type=\"section\">\n\t\t\t\t\t\t<div class=\"elementor-container elementor-column-gap-default\">\n\t\t\t\t\t<div class=\"elementor-column elementor-col-100 elementor-top-column elementor-element elementor-element-1069c0c\" data-id=\"1069c0c\" data-element_type=\"column\" data-e-type=\"column\">\n\t\t\t<div class=\"elementor-widget-wrap elementor-element-populated\">\n\t\t\t\t\t\t<div class=\"elementor-element elementor-element-87ff6a1 elementor-widget elementor-widget-heading\" data-id=\"87ff6a1\" data-element_type=\"widget\" data-e-type=\"widget\" data-widget_type=\"heading.default\">\n\t\t\t\t<div class=\"elementor-widget-container\">\n\t\t\t\t\t<h1 class=\"elementor-heading-title elementor-size-default\">Fachaustauschreise nach Chattanooga<\/h1>\t\t\t\t<\/div>\n\t\t\t\t<\/div>\n\t\t\t\t\t<\/div>\n\t\t<\/div>\n\t\t\t\t\t<\/div>\n\t\t<\/section>\n\t\t\t\t<section class=\"elementor-section elementor-top-section elementor-element elementor-element-45f4581 elementor-section-boxed elementor-section-height-default elementor-section-height-default\" data-id=\"45f4581\" data-element_type=\"section\" data-e-type=\"section\">\n\t\t\t\t\t\t<div class=\"elementor-container elementor-column-gap-default\">\n\t\t\t\t\t<div class=\"elementor-column elementor-col-50 elementor-top-column elementor-element elementor-element-36c1b1a\" data-id=\"36c1b1a\" data-element_type=\"column\" data-e-type=\"column\">\n\t\t\t<div class=\"elementor-widget-wrap elementor-element-populated\">\n\t\t\t\t\t\t<div class=\"elementor-element elementor-element-ff75c87 elementor-widget elementor-widget-text-editor\" data-id=\"ff75c87\" data-element_type=\"widget\" data-e-type=\"widget\" data-widget_type=\"text-editor.default\">\n\t\t\t\t<div class=\"elementor-widget-container\">\n\t\t\t\t\t\t\t\t\t<p><em>Beitrag von Sophie Wilmanowski, Stadt Wolfsburg<\/em><\/p>\t\t\t\t\t\t\t\t<\/div>\n\t\t\t\t<\/div>\n\t\t\t\t<div class=\"elementor-element elementor-element-4cd7bf9 elementor-widget elementor-widget-text-editor\" data-id=\"4cd7bf9\" data-element_type=\"widget\" data-e-type=\"widget\" data-widget_type=\"text-editor.default\">\n\t\t\t\t<div class=\"elementor-widget-container\">\n\t\t\t\t\t\t\t\t\t<p style=\"letter-spacing: -0.6px;\">Die Stadt Wolfsburg und die Stadt Hamm nehmen gemeinsam\u00a0<span style=\"letter-spacing: -0.6px;\">mit der US-amerikanischen Freundschaftsstadt Chattanooga<\/span><span style=\"letter-spacing: -0.6px;\">\u00a0<\/span><span style=\"letter-spacing: -0.6px;\">an dem Projekt \u201eUrban Diplomacy Exchange\u201c teil.\u00a0<\/span><\/p>\t\t\t\t\t\t\t\t<\/div>\n\t\t\t\t<\/div>\n\t\t\t\t\t<\/div>\n\t\t<\/div>\n\t\t\t\t<div class=\"elementor-column elementor-col-50 elementor-top-column elementor-element elementor-element-f76992c\" data-id=\"f76992c\" data-element_type=\"column\" data-e-type=\"column\">\n\t\t\t<div class=\"elementor-widget-wrap elementor-element-populated\">\n\t\t\t\t\t\t<div class=\"elementor-element elementor-element-a3febd1 elementor-widget elementor-widget-spacer\" data-id=\"a3febd1\" data-element_type=\"widget\" data-e-type=\"widget\" data-widget_type=\"spacer.default\">\n\t\t\t\t<div class=\"elementor-widget-container\">\n\t\t\t\t\t\t\t<div class=\"elementor-spacer\">\n\t\t\t<div class=\"elementor-spacer-inner\"><\/div>\n\t\t<\/div>\n\t\t\t\t\t\t<\/div>\n\t\t\t\t<\/div>\n\t\t\t\t\t<\/div>\n\t\t<\/div>\n\t\t\t\t\t<\/div>\n\t\t<\/section>\n\t\t\t\t<section class=\"elementor-section elementor-top-section elementor-element elementor-element-7de877f elementor-reverse-mobile elementor-section-boxed elementor-section-height-default elementor-section-height-default\" data-id=\"7de877f\" data-element_type=\"section\" data-e-type=\"section\">\n\t\t\t\t\t\t<div class=\"elementor-container elementor-column-gap-default\">\n\t\t\t\t\t<div class=\"elementor-column elementor-col-50 elementor-top-column elementor-element elementor-element-4acf9ea\" data-id=\"4acf9ea\" data-element_type=\"column\" data-e-type=\"column\">\n\t\t\t<div class=\"elementor-widget-wrap elementor-element-populated\">\n\t\t\t\t\t\t<div class=\"elementor-element elementor-element-e6b9bda elementor-widget elementor-widget-text-editor\" data-id=\"e6b9bda\" data-element_type=\"widget\" data-e-type=\"widget\" data-widget_type=\"text-editor.default\">\n\t\t\t\t<div class=\"elementor-widget-container\">\n\t\t\t\t\t\t\t\t\t<p style=\"letter-spacing: -0.6px;\"><span style=\"letter-spacing: -0.6px;\">Nach der Teilnahme an der Partnerschaftskonferenz in Washington DC und dem anschlie\u00dfenden Besuch in Chattanooga im Herbst 2022 hat die Stadt Wolfsburg die Kollegen im April 2023 in Wolfsburg begr\u00fc\u00dft. Neben Gespr\u00e4chen zu den Themen nachhaltige Stadtentwicklung und Digitalisierung wurde sich auch intensiv \u00fcber Kooperationsm\u00f6glichkeiten nach der Projektphase ausgetauscht. Ein Highlight f\u00fcr <\/span><strong><span style=\"letter-spacing: -0.6px;\">B\u00fcrgermeister Tim Kelly <\/span><\/strong><span style=\"letter-spacing: -0.6px;\">d\u00fcrfte die gemeinsame Fahrt mit\u00a0<\/span><strong><span style=\"letter-spacing: -0.6px;\">Gunnar Kilian, Personalvorstand des Volkswagen Konzerns<\/span><\/strong><span style=\"letter-spacing: -0.6px;\"><strong>,<\/strong> und\u00a0<\/span><strong><span style=\"letter-spacing: -0.6px;\">Oberb\u00fcrgermeister Dennis Weilmann<\/span><\/strong><span style=\"letter-spacing: -0.6px;\">\u00a0mit dem ID.Buzz \u00fcber den Rathausvorplatz gewesen sein.<\/span><\/p><p style=\"letter-spacing: -0.6px;\">Im Juni 2023 hatte das Projektteam erneut die Chance an einem Fachaustausch teilzunehmen. Christian Cordes aus dem Referat Digitalisierung und Wirtschaft reiste gemeinsam mit Vertretern der Stadt Hamm nach Chattanooga und tausche sich \u00fcber die Themen Digitalisierung und Co-Working Spaces aus. Genau wie auch in Wolfsburg sind die Themen Digitalisierung und Stadtentwicklung allgegenw\u00e4rtig und richtungsgebend f\u00fcr viele st\u00e4dtische Entscheidungen.<\/p>\t\t\t\t\t\t\t\t<\/div>\n\t\t\t\t<\/div>\n\t\t\t\t\t<\/div>\n\t\t<\/div>\n\t\t\t\t<div class=\"elementor-column elementor-col-50 elementor-top-column elementor-element elementor-element-aec3640\" data-id=\"aec3640\" data-element_type=\"column\" data-e-type=\"column\">\n\t\t\t<div class=\"elementor-widget-wrap elementor-element-populated\">\n\t\t\t\t\t\t<div class=\"elementor-element elementor-element-57667a0 elementor-widget elementor-widget-image\" data-id=\"57667a0\" data-element_type=\"widget\" data-e-type=\"widget\" data-widget_type=\"image.default\">\n\t\t\t\t<div class=\"elementor-widget-container\">\n\t\t\t\t\t\t\t\t\t\t\t\t<figure class=\"wp-caption\">\n\t\t\t\t\t\t\t\t\t\t<img decoding=\"async\" width=\"716\" height=\"715\" src=\"https:\/\/urban-diplomacy.de\/wp-content\/uploads\/2023\/07\/wolfsburg-chattanooga.png\" class=\"attachment-large size-large wp-image-2187\" alt=\"\" srcset=\"https:\/\/urban-diplomacy.de\/wp-content\/uploads\/2023\/07\/wolfsburg-chattanooga.png 716w, https:\/\/urban-diplomacy.de\/wp-content\/uploads\/2023\/07\/wolfsburg-chattanooga-300x300.png 300w, https:\/\/urban-diplomacy.de\/wp-content\/uploads\/2023\/07\/wolfsburg-chattanooga-150x150.png 150w, https:\/\/urban-diplomacy.de\/wp-content\/uploads\/2023\/07\/wolfsburg-chattanooga-12x12.png 12w\" sizes=\"(max-width: 716px) 100vw, 716px\" \/>\t\t\t\t\t\t\t\t\t\t\t<figcaption class=\"widget-image-caption wp-caption-text\">Nach einer Stadtf\u00fchrung zum Thema digitalisierte Innenst\u00e4dte besuchten die Kollegen ein Baseballspiel<\/figcaption>\n\t\t\t\t\t\t\t\t\t\t<\/figure>\n\t\t\t\t\t\t\t\t\t<\/div>\n\t\t\t\t<\/div>\n\t\t\t\t\t<\/div>\n\t\t<\/div>\n\t\t\t\t\t<\/div>\n\t\t<\/section>\n\t\t\t\t<section class=\"elementor-section elementor-top-section elementor-element elementor-element-b536401 elementor-section-boxed elementor-section-height-default elementor-section-height-default\" data-id=\"b536401\" data-element_type=\"section\" data-e-type=\"section\">\n\t\t\t\t\t\t<div class=\"elementor-container elementor-column-gap-default\">\n\t\t\t\t\t<div class=\"elementor-column elementor-col-50 elementor-top-column elementor-element elementor-element-9b25157\" data-id=\"9b25157\" data-element_type=\"column\" data-e-type=\"column\">\n\t\t\t<div class=\"elementor-widget-wrap elementor-element-populated\">\n\t\t\t\t\t\t<div class=\"elementor-element elementor-element-d54a855 elementor-widget elementor-widget-spacer\" data-id=\"d54a855\" data-element_type=\"widget\" data-e-type=\"widget\" data-widget_type=\"spacer.default\">\n\t\t\t\t<div class=\"elementor-widget-container\">\n\t\t\t\t\t\t\t<div class=\"elementor-spacer\">\n\t\t\t<div class=\"elementor-spacer-inner\"><\/div>\n\t\t<\/div>\n\t\t\t\t\t\t<\/div>\n\t\t\t\t<\/div>\n\t\t\t\t<div class=\"elementor-element elementor-element-9b70fca elementor-widget elementor-widget-image\" data-id=\"9b70fca\" data-element_type=\"widget\" data-e-type=\"widget\" data-widget_type=\"image.default\">\n\t\t\t\t<div class=\"elementor-widget-container\">\n\t\t\t\t\t\t\t\t\t\t\t\t<figure class=\"wp-caption\">\n\t\t\t\t\t\t\t\t\t\t<img decoding=\"async\" width=\"732\" height=\"731\" src=\"https:\/\/urban-diplomacy.de\/wp-content\/uploads\/2023\/07\/wolfsburg-chattanooga2.png\" class=\"attachment-large size-large wp-image-2188\" alt=\"\" srcset=\"https:\/\/urban-diplomacy.de\/wp-content\/uploads\/2023\/07\/wolfsburg-chattanooga2.png 732w, https:\/\/urban-diplomacy.de\/wp-content\/uploads\/2023\/07\/wolfsburg-chattanooga2-300x300.png 300w, https:\/\/urban-diplomacy.de\/wp-content\/uploads\/2023\/07\/wolfsburg-chattanooga2-150x150.png 150w, https:\/\/urban-diplomacy.de\/wp-content\/uploads\/2023\/07\/wolfsburg-chattanooga2-12x12.png 12w\" sizes=\"(max-width: 732px) 100vw, 732px\" \/>\t\t\t\t\t\t\t\t\t\t\t<figcaption class=\"widget-image-caption wp-caption-text\">Auch Besichtigungen und Arbeitsgespr\u00e4che zum Thema Mobilit\u00e4t waren Inhalte des Besuches<\/figcaption>\n\t\t\t\t\t\t\t\t\t\t<\/figure>\n\t\t\t\t\t\t\t\t\t<\/div>\n\t\t\t\t<\/div>\n\t\t\t\t\t<\/div>\n\t\t<\/div>\n\t\t\t\t<div class=\"elementor-column elementor-col-50 elementor-top-column elementor-element elementor-element-03cf88a\" data-id=\"03cf88a\" data-element_type=\"column\" data-e-type=\"column\">\n\t\t\t<div class=\"elementor-widget-wrap elementor-element-populated\">\n\t\t\t\t\t\t<div class=\"elementor-element elementor-element-b806ae2 elementor-widget elementor-widget-heading\" data-id=\"b806ae2\" data-element_type=\"widget\" data-e-type=\"widget\" data-widget_type=\"heading.default\">\n\t\t\t\t<div class=\"elementor-widget-container\">\n\t\t\t\t\t<h2 class=\"elementor-heading-title elementor-size-default\">#Digitalisierung<\/h2>\t\t\t\t<\/div>\n\t\t\t\t<\/div>\n\t\t\t\t<div class=\"elementor-element elementor-element-e4c7038 elementor-widget elementor-widget-text-editor\" data-id=\"e4c7038\" data-element_type=\"widget\" data-e-type=\"widget\" data-widget_type=\"text-editor.default\">\n\t\t\t\t<div class=\"elementor-widget-container\">\n\t\t\t\t\t\t\t\t\t<p>Fortschrittlich ist Chattanooga im Bereich der Digitalisierung: Fast jede Stra\u00dfenlaterne und Ampelanlage ist dort mit Glasfaser erschlossen. Das eigene Glasfaser-netz verf\u00fcgt \u00fcber eine aktuelle Bandbreite von 25 Gigabit synchron und erm\u00f6glicht, dass das eigene Smartphone als \u201eSchl\u00fcssel\u201c f\u00fcr den Zugang f\u00fcr Smart City Anwendungen, wie Parking, Beh\u00f6rdenkommunikation und ein Umwelt-Dashboard dient. Dabei sind Partizipation und digitale Teilhabe ein Erfolgsgarant f\u00fcr gute Umsetzungsprojekte. Gemeinsam mit der Stadtgesellschaft werden neue Vorhaben in einem eigenen Community Center entwickelt und erprobt. Spannend ist die Einrichtung eines st\u00e4dtischen Innovationszentrums, wo eigene Smart City Produkte und Dienstleistungen entwickelt werden k\u00f6nnen. Gemeinsam mit der University of Tennessee werden dort\u00a0innovative Themen vorangetrieben und strategische Partnerschaften mit Forschungseinrichtungen sowie der lokalen Wirtschaft gebildet.<\/p>\t\t\t\t\t\t\t\t<\/div>\n\t\t\t\t<\/div>\n\t\t\t\t\t<\/div>\n\t\t<\/div>\n\t\t\t\t\t<\/div>\n\t\t<\/section>\n\t\t\t\t<section class=\"elementor-section elementor-top-section elementor-element elementor-element-2603e7f elementor-section-boxed elementor-section-height-default elementor-section-height-default\" data-id=\"2603e7f\" data-element_type=\"section\" data-e-type=\"section\">\n\t\t\t\t\t\t<div class=\"elementor-container elementor-column-gap-default\">\n\t\t\t\t\t<div class=\"elementor-column elementor-col-50 elementor-top-column elementor-element elementor-element-678168f\" data-id=\"678168f\" data-element_type=\"column\" data-e-type=\"column\">\n\t\t\t<div class=\"elementor-widget-wrap elementor-element-populated\">\n\t\t\t\t\t\t<div class=\"elementor-element elementor-element-4b2a584 elementor-widget elementor-widget-heading\" data-id=\"4b2a584\" data-element_type=\"widget\" data-e-type=\"widget\" data-widget_type=\"heading.default\">\n\t\t\t\t<div class=\"elementor-widget-container\">\n\t\t\t\t\t<h2 class=\"elementor-heading-title elementor-size-default\">#Stadtentwicklung<\/h2>\t\t\t\t<\/div>\n\t\t\t\t<\/div>\n\t\t\t\t<div class=\"elementor-element elementor-element-eb533f5 elementor-widget elementor-widget-text-editor\" data-id=\"eb533f5\" data-element_type=\"widget\" data-e-type=\"widget\" data-widget_type=\"text-editor.default\">\n\t\t\t\t<div class=\"elementor-widget-container\">\n\t\t\t\t\t\t\t\t\t<p>Auch Chattanooga besch\u00e4ftigt sich intensiv mit der Entwicklung der Innenstadt. Alte Industrieareale wer-den umgewandelt und zu Mixed Areas gestaltet. Eine monokulturelle Nutzung einzelner Stadtteile wird nicht mehr priorisiert. Vielmehr wer-den die Felder \u201eArbeiten, Wohnen, Handel, Sport und Mobilit\u00e4t\u201c als Einheit gedacht und entwickelt. Dabei wird bei der Attraktivierung nicht nur auf gestalterische Elemente, Stadtm\u00f6bel und Gr\u00fcnfl\u00e4chen gesetzt, sondern auch auf eine Bindung und Verantwortungs\u00fcbernahme durch die Bev\u00f6lkerung: Streetart boomt und belebt die Stadt kulturell neu. Dabei hilft auch das aktivierende Leerstandsmanagement, das Vielfalt in Leerst\u00e4nden im \u00f6ffentlichen Raum schafft. Ein gro\u00dfes Netzwerk an Ehrenamtlichen unterst\u00fctzt bei vielen Projekten und Ma\u00dfnahmen. Dadurch, und auch die gro\u00dfen F\u00f6rderm\u00f6glichkeiten im Kunst- und Kulturbereich, entwickelt sich die Innenstadt von Chattanooga mehr und mehr.<\/p><p>Mit vielen neuen Eindr\u00fccken verlie\u00df das Projektteam Chattanooga und freut sich auf eine Fortf\u00fchrung der partnerschaftlichen Aktivit\u00e4ten auch nach Beendigung des Urban Diplomacy Exchanges.<\/p>\t\t\t\t\t\t\t\t<\/div>\n\t\t\t\t<\/div>\n\t\t\t\t\t<\/div>\n\t\t<\/div>\n\t\t\t\t<div class=\"elementor-column elementor-col-50 elementor-top-column elementor-element elementor-element-b61fe87\" data-id=\"b61fe87\" data-element_type=\"column\" data-e-type=\"column\">\n\t\t\t<div class=\"elementor-widget-wrap elementor-element-populated\">\n\t\t\t\t\t\t<div class=\"elementor-element elementor-element-f443875 elementor-widget elementor-widget-spacer\" data-id=\"f443875\" data-element_type=\"widget\" data-e-type=\"widget\" data-widget_type=\"spacer.default\">\n\t\t\t\t<div class=\"elementor-widget-container\">\n\t\t\t\t\t\t\t<div class=\"elementor-spacer\">\n\t\t\t<div class=\"elementor-spacer-inner\"><\/div>\n\t\t<\/div>\n\t\t\t\t\t\t<\/div>\n\t\t\t\t<\/div>\n\t\t\t\t<div class=\"elementor-element elementor-element-0190348 elementor-widget elementor-widget-image\" data-id=\"0190348\" data-element_type=\"widget\" data-e-type=\"widget\" data-widget_type=\"image.default\">\n\t\t\t\t<div class=\"elementor-widget-container\">\n\t\t\t\t\t\t\t\t\t\t\t\t<figure class=\"wp-caption\">\n\t\t\t\t\t\t\t\t\t\t<img loading=\"lazy\" decoding=\"async\" width=\"800\" height=\"798\" src=\"https:\/\/urban-diplomacy.de\/wp-content\/uploads\/2023\/07\/wolfsburg-chattanooga3.png\" class=\"attachment-large size-large wp-image-2189\" alt=\"\" srcset=\"https:\/\/urban-diplomacy.de\/wp-content\/uploads\/2023\/07\/wolfsburg-chattanooga3.png 804w, https:\/\/urban-diplomacy.de\/wp-content\/uploads\/2023\/07\/wolfsburg-chattanooga3-300x300.png 300w, https:\/\/urban-diplomacy.de\/wp-content\/uploads\/2023\/07\/wolfsburg-chattanooga3-150x150.png 150w, https:\/\/urban-diplomacy.de\/wp-content\/uploads\/2023\/07\/wolfsburg-chattanooga3-768x766.png 768w, https:\/\/urban-diplomacy.de\/wp-content\/uploads\/2023\/07\/wolfsburg-chattanooga3-12x12.png 12w\" sizes=\"(max-width: 800px) 100vw, 800px\" \/>\t\t\t\t\t\t\t\t\t\t\t<figcaption class=\"widget-image-caption wp-caption-text\">Wie sehr Ehrenamtliche das Stadtbild pr\u00e4gen und ver\u00e4ndern , durften die Kollegen w\u00e4hrend einer Tour das Kreativviertel Chattanoogas bewundern. <\/figcaption>\n\t\t\t\t\t\t\t\t\t\t<\/figure>\n\t\t\t\t\t\t\t\t\t<\/div>\n\t\t\t\t<\/div>\n\t\t\t\t\t<\/div>\n\t\t<\/div>\n\t\t\t\t\t<\/div>\n\t\t<\/section>\n\t\t\t\t<section class=\"elementor-section elementor-top-section elementor-element elementor-element-79a5c3b elementor-section-boxed elementor-section-height-default elementor-section-height-default\" data-id=\"79a5c3b\" data-element_type=\"section\" data-e-type=\"section\">\n\t\t\t\t\t\t<div class=\"elementor-container elementor-column-gap-default\">\n\t\t\t\t\t<div class=\"elementor-column elementor-col-100 elementor-top-column elementor-element elementor-element-49cf39b\" data-id=\"49cf39b\" data-element_type=\"column\" data-e-type=\"column\">\n\t\t\t<div class=\"elementor-widget-wrap elementor-element-populated\">\n\t\t\t\t\t\t<div class=\"elementor-element elementor-element-14810a1 elementor-align-left elementor-widget elementor-widget-button\" data-id=\"14810a1\" data-element_type=\"widget\" data-e-type=\"widget\" data-widget_type=\"button.default\">\n\t\t\t\t<div class=\"elementor-widget-container\">\n\t\t\t\t\t\t\t\t\t<div class=\"elementor-button-wrapper\">\n\t\t\t\t\t<a class=\"elementor-button elementor-button-link elementor-size-sm\" href=\"https:\/\/www.braunschweiger-zeitung.de\/wolfsburg\/article238217583\/Weilmann-empfaengt-Besuch-aus-den-USA-in-Wolfsburg.html\" target=\"_blank\" rel=\"noopener\">\n\t\t\t\t\t\t<span class=\"elementor-button-content-wrapper\">\n\t\t\t\t\t\t<span class=\"elementor-button-icon\">\n\t\t\t\t<i aria-hidden=\"true\" class=\"hm hm-article\"><\/i>\t\t\t<\/span>\n\t\t\t\t\t\t\t\t\t<span class=\"elementor-button-text\">Eine Delegation aus Chattanooga ist zu Gast in Wolfsburg<\/span>\n\t\t\t\t\t<\/span>\n\t\t\t\t\t<\/a>\n\t\t\t\t<\/div>\n\t\t\t\t\t\t\t\t<\/div>\n\t\t\t\t<\/div>\n\t\t\t\t\t<\/div>\n\t\t<\/div>\n\t\t\t\t\t<\/div>\n\t\t<\/section>\n\t\t\t\t<\/div>\n\t\t","protected":false},"excerpt":{"rendered":"<p>Wolfsburg &amp; Hamm &#8211; Chattanooga Urban Diplomacy Exchange Fachaustauschreise nach Chattanooga Beitrag von Sophie Wilmanowski, Stadt Wolfsburg Die Stadt Wolfsburg und die Stadt Hamm nehmen gemeinsam\u00a0mit der US-amerikanischen Freundschaftsstadt Chattanooga\u00a0an dem Projekt \u201eUrban Diplomacy Exchange\u201c teil.\u00a0 Nach der Teilnahme an der Partnerschaftskonferenz in Washington DC und dem anschlie\u00dfenden Besuch in Chattanooga im Herbst 2022 hat [&hellip;]<\/p>\n","protected":false},"author":2,"featured_media":0,"parent":294,"menu_order":2,"comment_status":"closed","ping_status":"closed","template":"","meta":{"footnotes":""},"class_list":["post-2185","page","type-page","status-publish","hentry"],"_links":{"self":[{"href":"https:\/\/urban-diplomacy.de\/en\/wp-json\/wp\/v2\/pages\/2185","targetHints":{"allow":["GET"]}}],"collection":[{"href":"https:\/\/urban-diplomacy.de\/en\/wp-json\/wp\/v2\/pages"}],"about":[{"href":"https:\/\/urban-diplomacy.de\/en\/wp-json\/wp\/v2\/types\/page"}],"author":[{"embeddable":true,"href":"https:\/\/urban-diplomacy.de\/en\/wp-json\/wp\/v2\/users\/2"}],"replies":[{"embeddable":true,"href":"https:\/\/urban-diplomacy.de\/en\/wp-json\/wp\/v2\/comments?post=2185"}],"version-history":[{"count":62,"href":"https:\/\/urban-diplomacy.de\/en\/wp-json\/wp\/v2\/pages\/2185\/revisions"}],"predecessor-version":[{"id":3639,"href":"https:\/\/urban-diplomacy.de\/en\/wp-json\/wp\/v2\/pages\/2185\/revisions\/3639"}],"up":[{"embeddable":true,"href":"https:\/\/urban-diplomacy.de\/en\/wp-json\/wp\/v2\/pages\/294"}],"wp:attachment":[{"href":"https:\/\/urban-diplomacy.de\/en\/wp-json\/wp\/v2\/media?parent=2185"}],"curies":[{"name":"wp","href":"https:\/\/api.w.org\/{rel}","templated":true}]}}