{"id":1380,"date":"2022-12-04T20:28:10","date_gmt":"2022-12-04T20:28:10","guid":{"rendered":"https:\/\/urban-diplomacy.de\/?page_id=1380"},"modified":"2023-03-15T08:55:48","modified_gmt":"2023-03-15T08:55:48","slug":"accessibility","status":"publish","type":"page","link":"https:\/\/urban-diplomacy.de\/en\/barrierefreiheit\/","title":{"rendered":"Accessibility"},"content":{"rendered":"<div data-elementor-type=\"wp-page\" data-elementor-id=\"1380\" class=\"elementor elementor-1380\" data-elementor-settings=\"{&quot;ha_cmc_init_switcher&quot;:&quot;no&quot;}\" data-elementor-post-type=\"page\">\n\t\t\t\t\t\t<section class=\"elementor-section elementor-top-section elementor-element elementor-element-9026337 elementor-section-boxed elementor-section-height-default elementor-section-height-default\" data-id=\"9026337\" data-element_type=\"section\" data-e-type=\"section\">\n\t\t\t\t\t\t<div class=\"elementor-container elementor-column-gap-default\">\n\t\t\t\t\t<div class=\"elementor-column elementor-col-100 elementor-top-column elementor-element elementor-element-94ceb1f\" data-id=\"94ceb1f\" data-element_type=\"column\" data-e-type=\"column\">\n\t\t\t<div class=\"elementor-widget-wrap elementor-element-populated\">\n\t\t\t\t\t\t<div class=\"elementor-element elementor-element-6d19132 elementor-widget elementor-widget-text-editor\" data-id=\"6d19132\" data-element_type=\"widget\" data-e-type=\"widget\" data-widget_type=\"text-editor.default\">\n\t\t\t\t<div class=\"elementor-widget-container\">\n\t\t\t\t\t\t\t\t\t<p><span style=\"letter-spacing: -0.6px;\">Engagement Global strives to keep its websites and mobile applications barrier-free accessible\nin accordance with <\/span><span style=\"letter-spacing: -0.6px; font-family: Arial, sans-serif;\"> the national legislation on implementation of the Directive (EU) 2016\/2102 of the <\/span><span style=\"letter-spacing: -0.6px;\">European Parliament.<\/span><\/p><p>This accessibility statement applies to the website<a href=\"\/en\/_wp_link_placeholder\/\" data-wplink-edit=\"true\"> www.urban-diplomacy.de<\/a> and was created on December 5, 2022.<\/p><p style=\"letter-spacing: -0.6px;\"><span style=\"font-weight: bold; font-family: Helevetica, sans-serif; letter-spacing: -0.6px;\">Feedback and Contact:<\/span><\/p><p>Have you encountered any accessibility barriers on this website or do you have other suggestions for improvement?<\/p><p>We would be pleased if you would let us know - by e-mail <a href=\"mailto:urban-diplo@engagement-global.de\" target=\"_blank\" rel=\"noopener\">urban-diplo@engagement-global.de<\/a> or by telephone on 0228 20717 2377.<\/p>\t\t\t\t\t\t\t\t<\/div>\n\t\t\t\t<\/div>\n\t\t\t\t<div class=\"elementor-element elementor-element-7a54b0e elementor-widget elementor-widget-spacer\" data-id=\"7a54b0e\" data-element_type=\"widget\" data-e-type=\"widget\" data-widget_type=\"spacer.default\">\n\t\t\t\t<div class=\"elementor-widget-container\">\n\t\t\t\t\t\t\t<div class=\"elementor-spacer\">\n\t\t\t<div class=\"elementor-spacer-inner\"><\/div>\n\t\t<\/div>\n\t\t\t\t\t\t<\/div>\n\t\t\t\t<\/div>\n\t\t\t\t\t<\/div>\n\t\t<\/div>\n\t\t\t\t\t<\/div>\n\t\t<\/section>\n\t\t\t\t<\/div>","protected":false},"excerpt":{"rendered":"<p>Engagement Global ist bem\u00fcht, seine Webseiten und mobilen Anwendungen im Einklang mit den nationalen Rechtsvorschriften zur Umsetzung der Richtlinie (EU) 2016\/2102 des Europ\u00e4ischen Parlaments barrierefrei zug\u00e4nglich zu machen. Diese Erkl\u00e4rung zur Barrierefreiheit gilt f\u00fcr die Webseite www.urban-diplomacy.de und wurde am 5. Dezember 2022 erstellt. Feedback und Kontakt: Sie sind doch auf eine Barriere gesto\u00dfen oder [&hellip;]<\/p>\n","protected":false},"author":2,"featured_media":0,"parent":0,"menu_order":0,"comment_status":"closed","ping_status":"closed","template":"","meta":{"footnotes":""},"class_list":["post-1380","page","type-page","status-publish","hentry"],"_links":{"self":[{"href":"https:\/\/urban-diplomacy.de\/en\/wp-json\/wp\/v2\/pages\/1380","targetHints":{"allow":["GET"]}}],"collection":[{"href":"https:\/\/urban-diplomacy.de\/en\/wp-json\/wp\/v2\/pages"}],"about":[{"href":"https:\/\/urban-diplomacy.de\/en\/wp-json\/wp\/v2\/types\/page"}],"author":[{"embeddable":true,"href":"https:\/\/urban-diplomacy.de\/en\/wp-json\/wp\/v2\/users\/2"}],"replies":[{"embeddable":true,"href":"https:\/\/urban-diplomacy.de\/en\/wp-json\/wp\/v2\/comments?post=1380"}],"version-history":[{"count":24,"href":"https:\/\/urban-diplomacy.de\/en\/wp-json\/wp\/v2\/pages\/1380\/revisions"}],"predecessor-version":[{"id":1768,"href":"https:\/\/urban-diplomacy.de\/en\/wp-json\/wp\/v2\/pages\/1380\/revisions\/1768"}],"wp:attachment":[{"href":"https:\/\/urban-diplomacy.de\/en\/wp-json\/wp\/v2\/media?parent=1380"}],"curies":[{"name":"wp","href":"https:\/\/api.w.org\/{rel}","templated":true}]}}